{"id":2997,"date":"2021-01-02T20:42:16","date_gmt":"2021-01-02T20:42:16","guid":{"rendered":"https:\/\/kamienneblaty.pl\/sklep\/?page_id=2997"},"modified":"2021-01-04T09:37:59","modified_gmt":"2021-01-04T09:37:59","slug":"polityka-prywatnosci","status":"publish","type":"page","link":"https:\/\/kamienneblaty.pl\/sklep\/polityka-prywatnosci\/","title":{"rendered":"Polityka prywatno\u015bci"},"content":{"rendered":"\n<p>POLITYKA PRYWATNO\u015aCI SKLEPU INTERNETOWEGO &#8222;Kamieniarstwo ABC\u201d<\/p>\n\n\n\n<ol class=\"wp-block-list\"><li>Cel dokumentu<br>1.1 Polityka Prywatno\u015bci zawiera informacje odno\u015bnie zasad gromadzenia, przetwarzania i wykorzystywania danych osobowych pozyskiwanych za po\u015brednictwem sklepu internetowego &#8222;Kamieniarstwo ABC\u201d prowadzonego w domenie www.kamienneblaty.pl\/sklep (dalej \u201eSklep Internetowy\u201d).<br>1.2 Polityka Prywatno\u015bci dotyczy jedynie Sklepu Internetowego. Sprzedaj\u0105cy nie ponosi odpowiedzialno\u015bci za standardy ochrony danych osobowych i prywatno\u015bci obowi\u0105zuj\u0105ce na stronach internetowych, do kt\u00f3rych mog\u0105 odsy\u0142a\u0107 linki zamieszczone w Sklepie Internetowym lub na stronach internetowych, kt\u00f3re mog\u0105 zawiera\u0107 linki odsy\u0142aj\u0105ce do Sklepu Internetowego. Wchodz\u0105c na takie strony, Klient powinien zawsze w pierwszej kolejno\u015bci zapozna\u0107 si\u0119 z politykami prywatno\u015bci, kt\u00f3re maj\u0105 do nich zastosowanie.<\/li><li>Postanowienia og\u00f3lne<br>2.1 W\u0142a\u015bcicielem i administratorem Sklepu Internetowego jest Kamieniarstwo-abc.pl Jaros\u0142aw Zaborowski, Frankowskiego 2b, 58-260 Bielawa, NIP: 8821875123, REGON: 369674155, tel. 508-162-099, adres email: biuro@kamieniatstwo-abc.pl (dalej \u201eSprzedaj\u0105cy\u201d).<br>2.2 Korzystanie ze Sklepu Internetowego odbywa si\u0119 zgodnie z regulaminem tego sklepu, kt\u00f3ry jest dost\u0119pny nieodp\u0142atnie na stronie internetowej Sklepu Internetowego w formie umo\u017cliwiaj\u0105cej jego pozyskanie, utrwalanie, odtwarzanie i drukowanie (dalej \u201eRegulamin\u201d).<br>2.3 Ze Sklepu Internetowego mog\u0105 korzysta\u0107 podmioty posiadaj\u0105ce w niezb\u0119dnym zakresie zdolno\u015b\u0107 do czynno\u015bci prawnych (dalej \u201eKlienci\u201d).<br>2.4 Jakiekolwiek terminy pisane w niniejszej Polityce Prywatno\u015bci z wielkiej litery a odr\u0119bnie w niej niezdefiniowane maj\u0105 znaczenie nadane im w Regulaminie.<\/li><\/ol>\n\n\n\n<p>3.Administrator danych osobowych<br>3.1 Administratorem danych osobowych Klient\u00f3w pozyskiwanych za po\u015brednictwem Sklepu Internetowego jest Sprzedaj\u0105cy.<\/p>\n\n\n\n<ol class=\"wp-block-list\" start=\"4\"><li>Zasady przetwarzania danych osobowych<br>4.1 Sprzedaj\u0105cy traktuje priorytetowo ochron\u0119 danych osobowych Klient\u00f3w oraz dok\u0142ada wszelkich stara\u0144, by chroni\u0107 ich prywatno\u015b\u0107.<br>4.2 Sprzedaj\u0105cy przetwarza nast\u0119puj\u0105ce dane osobowe Klient\u00f3w, kt\u00f3rzy dokonuj\u0105 zakupu Towar\u00f3w:<br>4.2.11 imi\u0119 i nazwisko,<br>4.2.2 numer telefonu kontaktowego,<br>4.2.3 adres email,<br>4.2.4 adres kontaktowy oraz adres do wysy\u0142ki (je\u017celi jest inny ni\u017c adres kontaktowy),<br>4.2.5 firma oraz numer NIP (wy\u0142\u0105cznie w przypadku Przedsi\u0119biorc\u00f3w).<br>W przypadku Klient\u00f3w niedokonuj\u0105cych zakupu Towar\u00f3w Sprzedaj\u0105cy nie przetwarza ich danych osobowych z zastrze\u017ceniem zdania nast\u0119pnego. Je\u017celi Klient kontaktuje si\u0119 ze Sprzedaj\u0105cym, w szczeg\u00f3lno\u015bci za po\u015brednictwem formularza kontaktowego, Sprzedaj\u0105cy przetwarza jego dane, o kt\u00f3rych mowa w punktach 4.2.1 \u2013 4.2.3 powy\u017cej.<br>4.3 Dane osobowe przetwarzane s\u0105 w nast\u0119puj\u0105cych celach:<br>4.3.1 zawieranie, wykonywanie i rozwi\u0105zywanie Um\u00f3w dotycz\u0105cych Towar\u00f3w, w tym rozpatrywanie reklamacji,<br>4.3.2 \u015bwiadczenie Us\u0142ug drog\u0105 elektroniczn\u0105 oraz zawieranie i rozwi\u0105zywanie um\u00f3w z tym zwi\u0105zanych,<br>4.3.3 marketing w\u0142asnych produkt\u00f3w i us\u0142ug Sprzedaj\u0105cego &#8211; po wyra\u017ceniu dodatkowej zgody.<br>4.4 Klient podaje swoje dane osobowe dobrowolnie. Jednak\u017ce odmowa podania tych danych mo\u017ce uniemo\u017cliwi\u0107 zawarcie i wykonanie Umowy jak r\u00f3wnie\u017c \u015bwiadczenie niekt\u00f3rych Us\u0142ug.<br>4.5 Klient ma prawo dost\u0119pu do tre\u015bci swoich danych osobowych i ich poprawiania oraz prawo \u017c\u0105dania zaprzestania przetwarzania danych, jak r\u00f3wne\u017c prawo do przeniesienia danych. Klientowi przys\u0142uguje prawo wniesienia skargi do organu nadzorczego.<br>4.6 Sprzedaj\u0105cy mo\u017ce przekazywa\u0107 dane osobowe Klient\u00f3w:<br>4.6.1 firmom kurierskim, z kt\u00f3rymi wsp\u00f3\u0142pracuje, w przypadku wyboru przez Klienta opcji dostawy w formie przesy\u0142ki kurierskiej \u2013 w celu realizacji dostaw Towar\u00f3w i w niezb\u0119dnym do tego zakresie,<br>4.6.2 operatorowi systemu p\u0142atno\u015bci elektronicznych PayPro SA, ul. Kanclerska 15, 60-327 Pozna\u0144 jako administratorowi \u2013 w celu realizacji p\u0142atno\u015bci on-line i w niezb\u0119dnym do tego zakresie oraz w celu wype\u0142nienia przez ww. operatora obowi\u0105zk\u00f3w na\u0142o\u017conych na niego przepisami prawa w zwi\u0105zku z realizacj\u0105 tych p\u0142atno\u015bci.<br>4.7 Sprzedaj\u0105cy przetwarza dane osobowe Klient\u00f3w zgodnie z obowi\u0105zuj\u0105cymi przepisami Rozporz\u0105dzenia Parlamentu Europejskiego i Rady (UE) 2016\/679 z dnia 27 kwietnia 2016 r. w sprawie ochrony os\u00f3b fizycznych w zwi\u0105zku z przetwarzaniem danych osobowych i w sprawie swobodnego przep\u0142ywu takich danych, ustawy z dnia 29 sierpnia 1997 roku o ochronie danych osobowych (tekst jednolity: Dz. U. z 2002 roku, nr 101, poz. 926 z p\u00f3\u017an. zm.) i przepisami wykonawczymi do tej ustawy.<br>4.8 Sprzedaj\u0105cy stosuje zabezpieczenia i \u015brodki niezb\u0119dne, by chroni\u0107 dane osobowe Klient\u00f3w przed nieautoryzowanym ujawnieniem, wykorzystaniem, zmian\u0105 lub zniszczeniem.<br>4.9 Dane osobowe dotycz\u0105ce sprzeda\u017cy b\u0119d\u0105 przetrzymywane przez okres 3 lat, natomiast dane dotycz\u0105ce us\u0142ug marketingowych do czasu cofniecia zgody.<\/li><\/ol>\n\n\n\n<p>5 Postanowienia ko\u0144cowe<br>5.1 Sprzedaj\u0105cy zastrzega sobie prawo do wprowadzenia zmian w niniejszej Polityce Prywatno\u015bci.<\/p>\n","protected":false},"excerpt":{"rendered":"<p>POLITYKA PRYWATNO\u015aCI SKLEPU INTERNETOWEGO &#8222;Kamieniarstwo ABC\u201d Cel dokumentu1.1 Polityka Prywatno\u015bci zawiera informacje odno\u015bnie zasad gromadzenia, przetwarzania i wykorzystywania danych osobowych pozyskiwanych za po\u015brednictwem sklepu internetowego &#8222;Kamieniarstwo ABC\u201d prowadzonego w domenie www.kamienneblaty.pl\/sklep (dalej \u201eSklep Internetowy\u201d).1.2 Polityka Prywatno\u015bci dotyczy jedynie Sklepu Internetowego. Sprzedaj\u0105cy nie ponosi odpowiedzialno\u015bci za standardy ochrony danych osobowych i prywatno\u015bci obowi\u0105zuj\u0105ce na stronach internetowych, [&hellip;]<\/p>\n","protected":false},"author":1,"featured_media":0,"parent":0,"menu_order":0,"comment_status":"closed","ping_status":"closed","template":"","meta":{"footnotes":""},"class_list":["post-2997","page","type-page","status-publish","hentry"],"yoast_head":"<!-- This site is optimized with the Yoast SEO plugin v27.3 - https:\/\/yoast.com\/product\/yoast-seo-wordpress\/ -->\n<title>Polityka prywatno\u015bci - Kamieniarstwo ABC Sklep<\/title>\n<meta name=\"robots\" content=\"index, follow, max-snippet:-1, max-image-preview:large, max-video-preview:-1\" \/>\n<link rel=\"canonical\" href=\"https:\/\/kamienneblaty.pl\/sklep\/polityka-prywatnosci\/\" \/>\n<meta property=\"og:locale\" content=\"pl_PL\" \/>\n<meta property=\"og:type\" content=\"article\" \/>\n<meta property=\"og:title\" content=\"Polityka prywatno\u015bci - Kamieniarstwo ABC Sklep\" \/>\n<meta property=\"og:description\" content=\"POLITYKA PRYWATNO\u015aCI SKLEPU INTERNETOWEGO &#8222;Kamieniarstwo ABC\u201d Cel dokumentu1.1 Polityka Prywatno\u015bci zawiera informacje odno\u015bnie zasad gromadzenia, przetwarzania i wykorzystywania danych osobowych pozyskiwanych za po\u015brednictwem sklepu internetowego &#8222;Kamieniarstwo ABC\u201d prowadzonego w domenie www.kamienneblaty.pl\/sklep (dalej \u201eSklep Internetowy\u201d).1.2 Polityka Prywatno\u015bci dotyczy jedynie Sklepu Internetowego. Sprzedaj\u0105cy nie ponosi odpowiedzialno\u015bci za standardy ochrony danych osobowych i prywatno\u015bci obowi\u0105zuj\u0105ce na stronach internetowych, [&hellip;]\" \/>\n<meta property=\"og:url\" content=\"https:\/\/kamienneblaty.pl\/sklep\/polityka-prywatnosci\/\" \/>\n<meta property=\"og:site_name\" content=\"Kamieniarstwo ABC Sklep\" \/>\n<meta property=\"article:modified_time\" content=\"2021-01-04T09:37:59+00:00\" \/>\n<meta name=\"twitter:card\" content=\"summary_large_image\" \/>\n<meta name=\"twitter:label1\" content=\"Szacowany czas czytania\" \/>\n\t<meta name=\"twitter:data1\" content=\"4 minuty\" \/>\n<script type=\"application\/ld+json\" class=\"yoast-schema-graph\">{\"@context\":\"https:\\\/\\\/schema.org\",\"@graph\":[{\"@type\":\"WebPage\",\"@id\":\"https:\\\/\\\/kamienneblaty.pl\\\/sklep\\\/polityka-prywatnosci\\\/\",\"url\":\"https:\\\/\\\/kamienneblaty.pl\\\/sklep\\\/polityka-prywatnosci\\\/\",\"name\":\"Polityka prywatno\u015bci - Kamieniarstwo ABC Sklep\",\"isPartOf\":{\"@id\":\"https:\\\/\\\/kamienneblaty.pl\\\/sklep\\\/#website\"},\"datePublished\":\"2021-01-02T20:42:16+00:00\",\"dateModified\":\"2021-01-04T09:37:59+00:00\",\"breadcrumb\":{\"@id\":\"https:\\\/\\\/kamienneblaty.pl\\\/sklep\\\/polityka-prywatnosci\\\/#breadcrumb\"},\"inLanguage\":\"pl-PL\",\"potentialAction\":[{\"@type\":\"ReadAction\",\"target\":[\"https:\\\/\\\/kamienneblaty.pl\\\/sklep\\\/polityka-prywatnosci\\\/\"]}]},{\"@type\":\"BreadcrumbList\",\"@id\":\"https:\\\/\\\/kamienneblaty.pl\\\/sklep\\\/polityka-prywatnosci\\\/#breadcrumb\",\"itemListElement\":[{\"@type\":\"ListItem\",\"position\":1,\"name\":\"Strona g\u0142\u00f3wna\",\"item\":\"https:\\\/\\\/kamienneblaty.pl\\\/sklep\\\/\"},{\"@type\":\"ListItem\",\"position\":2,\"name\":\"Polityka prywatno\u015bci\"}]},{\"@type\":\"WebSite\",\"@id\":\"https:\\\/\\\/kamienneblaty.pl\\\/sklep\\\/#website\",\"url\":\"https:\\\/\\\/kamienneblaty.pl\\\/sklep\\\/\",\"name\":\"Kamieniarstwo ABC Sklep\",\"description\":\"R\u0119cznie tworzone produkty z kamienia, lastryko i konglomeratu\",\"publisher\":{\"@id\":\"https:\\\/\\\/kamienneblaty.pl\\\/sklep\\\/#organization\"},\"potentialAction\":[{\"@type\":\"SearchAction\",\"target\":{\"@type\":\"EntryPoint\",\"urlTemplate\":\"https:\\\/\\\/kamienneblaty.pl\\\/sklep\\\/?s={search_term_string}\"},\"query-input\":{\"@type\":\"PropertyValueSpecification\",\"valueRequired\":true,\"valueName\":\"search_term_string\"}}],\"inLanguage\":\"pl-PL\"},{\"@type\":\"Organization\",\"@id\":\"https:\\\/\\\/kamienneblaty.pl\\\/sklep\\\/#organization\",\"name\":\"Kamieniarstwo ABC\",\"url\":\"https:\\\/\\\/kamienneblaty.pl\\\/sklep\\\/\",\"logo\":{\"@type\":\"ImageObject\",\"inLanguage\":\"pl-PL\",\"@id\":\"https:\\\/\\\/kamienneblaty.pl\\\/sklep\\\/#\\\/schema\\\/logo\\\/image\\\/\",\"url\":\"https:\\\/\\\/kamienneblaty.pl\\\/sklep\\\/wp-content\\\/uploads\\\/2021\\\/01\\\/Kamieniarstwo-ABC-1.png\",\"contentUrl\":\"https:\\\/\\\/kamienneblaty.pl\\\/sklep\\\/wp-content\\\/uploads\\\/2021\\\/01\\\/Kamieniarstwo-ABC-1.png\",\"width\":481,\"height\":500,\"caption\":\"Kamieniarstwo ABC\"},\"image\":{\"@id\":\"https:\\\/\\\/kamienneblaty.pl\\\/sklep\\\/#\\\/schema\\\/logo\\\/image\\\/\"}}]}<\/script>\n<!-- \/ Yoast SEO plugin. -->","yoast_head_json":{"title":"Polityka prywatno\u015bci - Kamieniarstwo ABC Sklep","robots":{"index":"index","follow":"follow","max-snippet":"max-snippet:-1","max-image-preview":"max-image-preview:large","max-video-preview":"max-video-preview:-1"},"canonical":"https:\/\/kamienneblaty.pl\/sklep\/polityka-prywatnosci\/","og_locale":"pl_PL","og_type":"article","og_title":"Polityka prywatno\u015bci - Kamieniarstwo ABC Sklep","og_description":"POLITYKA PRYWATNO\u015aCI SKLEPU INTERNETOWEGO &#8222;Kamieniarstwo ABC\u201d Cel dokumentu1.1 Polityka Prywatno\u015bci zawiera informacje odno\u015bnie zasad gromadzenia, przetwarzania i wykorzystywania danych osobowych pozyskiwanych za po\u015brednictwem sklepu internetowego &#8222;Kamieniarstwo ABC\u201d prowadzonego w domenie www.kamienneblaty.pl\/sklep (dalej \u201eSklep Internetowy\u201d).1.2 Polityka Prywatno\u015bci dotyczy jedynie Sklepu Internetowego. Sprzedaj\u0105cy nie ponosi odpowiedzialno\u015bci za standardy ochrony danych osobowych i prywatno\u015bci obowi\u0105zuj\u0105ce na stronach internetowych, [&hellip;]","og_url":"https:\/\/kamienneblaty.pl\/sklep\/polityka-prywatnosci\/","og_site_name":"Kamieniarstwo ABC Sklep","article_modified_time":"2021-01-04T09:37:59+00:00","twitter_card":"summary_large_image","twitter_misc":{"Szacowany czas czytania":"4 minuty"},"schema":{"@context":"https:\/\/schema.org","@graph":[{"@type":"WebPage","@id":"https:\/\/kamienneblaty.pl\/sklep\/polityka-prywatnosci\/","url":"https:\/\/kamienneblaty.pl\/sklep\/polityka-prywatnosci\/","name":"Polityka prywatno\u015bci - Kamieniarstwo ABC Sklep","isPartOf":{"@id":"https:\/\/kamienneblaty.pl\/sklep\/#website"},"datePublished":"2021-01-02T20:42:16+00:00","dateModified":"2021-01-04T09:37:59+00:00","breadcrumb":{"@id":"https:\/\/kamienneblaty.pl\/sklep\/polityka-prywatnosci\/#breadcrumb"},"inLanguage":"pl-PL","potentialAction":[{"@type":"ReadAction","target":["https:\/\/kamienneblaty.pl\/sklep\/polityka-prywatnosci\/"]}]},{"@type":"BreadcrumbList","@id":"https:\/\/kamienneblaty.pl\/sklep\/polityka-prywatnosci\/#breadcrumb","itemListElement":[{"@type":"ListItem","position":1,"name":"Strona g\u0142\u00f3wna","item":"https:\/\/kamienneblaty.pl\/sklep\/"},{"@type":"ListItem","position":2,"name":"Polityka prywatno\u015bci"}]},{"@type":"WebSite","@id":"https:\/\/kamienneblaty.pl\/sklep\/#website","url":"https:\/\/kamienneblaty.pl\/sklep\/","name":"Kamieniarstwo ABC Sklep","description":"R\u0119cznie tworzone produkty z kamienia, lastryko i konglomeratu","publisher":{"@id":"https:\/\/kamienneblaty.pl\/sklep\/#organization"},"potentialAction":[{"@type":"SearchAction","target":{"@type":"EntryPoint","urlTemplate":"https:\/\/kamienneblaty.pl\/sklep\/?s={search_term_string}"},"query-input":{"@type":"PropertyValueSpecification","valueRequired":true,"valueName":"search_term_string"}}],"inLanguage":"pl-PL"},{"@type":"Organization","@id":"https:\/\/kamienneblaty.pl\/sklep\/#organization","name":"Kamieniarstwo ABC","url":"https:\/\/kamienneblaty.pl\/sklep\/","logo":{"@type":"ImageObject","inLanguage":"pl-PL","@id":"https:\/\/kamienneblaty.pl\/sklep\/#\/schema\/logo\/image\/","url":"https:\/\/kamienneblaty.pl\/sklep\/wp-content\/uploads\/2021\/01\/Kamieniarstwo-ABC-1.png","contentUrl":"https:\/\/kamienneblaty.pl\/sklep\/wp-content\/uploads\/2021\/01\/Kamieniarstwo-ABC-1.png","width":481,"height":500,"caption":"Kamieniarstwo ABC"},"image":{"@id":"https:\/\/kamienneblaty.pl\/sklep\/#\/schema\/logo\/image\/"}}]}},"_links":{"self":[{"href":"https:\/\/kamienneblaty.pl\/sklep\/wp-json\/wp\/v2\/pages\/2997","targetHints":{"allow":["GET"]}}],"collection":[{"href":"https:\/\/kamienneblaty.pl\/sklep\/wp-json\/wp\/v2\/pages"}],"about":[{"href":"https:\/\/kamienneblaty.pl\/sklep\/wp-json\/wp\/v2\/types\/page"}],"author":[{"embeddable":true,"href":"https:\/\/kamienneblaty.pl\/sklep\/wp-json\/wp\/v2\/users\/1"}],"replies":[{"embeddable":true,"href":"https:\/\/kamienneblaty.pl\/sklep\/wp-json\/wp\/v2\/comments?post=2997"}],"version-history":[{"count":3,"href":"https:\/\/kamienneblaty.pl\/sklep\/wp-json\/wp\/v2\/pages\/2997\/revisions"}],"predecessor-version":[{"id":3062,"href":"https:\/\/kamienneblaty.pl\/sklep\/wp-json\/wp\/v2\/pages\/2997\/revisions\/3062"}],"wp:attachment":[{"href":"https:\/\/kamienneblaty.pl\/sklep\/wp-json\/wp\/v2\/media?parent=2997"}],"curies":[{"name":"wp","href":"https:\/\/api.w.org\/{rel}","templated":true}]}}