{"id":3004,"date":"2021-01-04T08:06:25","date_gmt":"2021-01-04T08:06:25","guid":{"rendered":"https:\/\/kamienneblaty.pl\/sklep\/?post_type=product&#038;p=3004"},"modified":"2025-05-31T10:44:03","modified_gmt":"2025-05-31T10:44:03","slug":"deska-do-krojenia-z-konglomeratu-model-2","status":"publish","type":"product","link":"https:\/\/kamienneblaty.pl\/sklep\/produkt\/deska-do-krojenia-z-konglomeratu-model-2\/","title":{"rendered":"Deska do krojenia z konglomeratu &#8211; model #2"},"content":{"rendered":"<p data-start=\"120\" data-end=\"670\">Deska do krojenia z konglomeratu kwarcowego w wersji z r\u0105czk\u0105 to stylowy i praktyczny dodatek do nowoczesnej kuchni.<\/p>\n<p data-start=\"120\" data-end=\"670\">Wyr\u00f3\u017cnia si\u0119 wyj\u0105tkow\u0105 trwa\u0142o\u015bci\u0105 \u2013 jest odporna na zarysowania, wilgo\u0107 i wysok\u0105 temperatur\u0119. G\u0142adka, nieporowata powierzchnia u\u0142atwia utrzymanie higieny i nie ch\u0142onie zapach\u00f3w.<\/p>\n<p data-start=\"120\" data-end=\"670\">R\u0105czka u\u0142atwia przenoszenie i zawieszanie deski, dzi\u0119ki czemu staje si\u0119 r\u00f3wnie\u017c dekoracyjnym elementem kuchennego wn\u0119trza.<\/p>\n<p data-start=\"120\" data-end=\"670\">Idealna do codziennego u\u017cytku \u2013 do krojenia warzyw, owoc\u00f3w, pieczywa czy ser\u00f3w.<\/p>\n<p data-start=\"120\" data-end=\"670\"><strong>UWAGA:<\/strong> Dost\u0119pna w kilku kolorach i odcieniach konglomeratu. Kolor deski <em>(wybieraj\u0105c pomi\u0119dzy bia\u0142ym, szarym i czarnym)<\/em> nale\u017cy poda\u0107 przy sk\u0142adaniu zam\u00f3wienia w polu &#8222;UWAGI DO ZAM\u00d3WIENIA&#8221;. Bez tej informacji wys\u0142any zostanie losowo wybrany kolor.<\/p>\n","protected":false},"excerpt":{"rendered":"<p>Deska do krojenia z konglomeratu kwarcowego w wersji z r\u0105czk\u0105 to stylowy i praktyczny dodatek do nowoczesnej kuchni. Wyr\u00f3\u017cnia si\u0119 wyj\u0105tkow\u0105 trwa\u0142o\u015bci\u0105 \u2013 jest odporna na zarysowania, wilgo\u0107 i wysok\u0105 temperatur\u0119. G\u0142adka, nieporowata powierzchnia u\u0142atwia utrzymanie higieny i nie ch\u0142onie zapach\u00f3w. R\u0105czka u\u0142atwia przenoszenie i zawieszanie deski, dzi\u0119ki czemu staje si\u0119 r\u00f3wnie\u017c dekoracyjnym elementem kuchennego [&hellip;]<\/p>\n","protected":false},"featured_media":3008,"template":"","meta":[],"product_brand":[],"product_cat":[72],"product_tag":[257,260,159,258,255,256,227,262,261,163,259],"class_list":{"0":"post-3004","1":"product","2":"type-product","3":"status-publish","4":"has-post-thumbnail","6":"product_cat-kuchnia","7":"product_tag-akcesoria-kuchenne","8":"product_tag-designerska-deska","9":"product_tag-deska-do-krojenia","10":"product_tag-deska-kwarcowa","11":"product_tag-deska-z-konglomeratu","12":"product_tag-deska-z-raczka","13":"product_tag-dodatki-do-kuchni","14":"product_tag-higieniczna-powierzchnia","15":"product_tag-kamienna-deska-do-krojenia","16":"product_tag-nowoczesna-kuchnia","17":"product_tag-trwala-deska","19":"first","20":"instock","21":"taxable","22":"shipping-taxable","23":"purchasable","24":"product-type-simple"},"yoast_head":"<!-- This site is optimized with the Yoast SEO plugin v27.3 - https:\/\/yoast.com\/product\/yoast-seo-wordpress\/ -->\n<title>Deska do krojenia z konglomeratu z r\u0105czk\u0105 \u2013 trwa\u0142o\u015b\u0107 i styl<\/title>\n<meta name=\"description\" content=\"Nowoczesna deska do krojenia z konglomeratu kwarcowego z r\u0105czk\u0105. Wytrzyma\u0142a, higieniczna i designerska \u2013 idealna do ka\u017cdej kuchni!\" \/>\n<meta name=\"robots\" content=\"index, follow, max-snippet:-1, max-image-preview:large, max-video-preview:-1\" \/>\n<link rel=\"canonical\" href=\"https:\/\/kamienneblaty.pl\/sklep\/produkt\/deska-do-krojenia-z-konglomeratu-model-2\/\" \/>\n<meta property=\"og:locale\" content=\"pl_PL\" \/>\n<meta property=\"og:type\" content=\"article\" \/>\n<meta property=\"og:title\" content=\"Deska do krojenia z konglomeratu z r\u0105czk\u0105 \u2013 trwa\u0142o\u015b\u0107 i styl\" \/>\n<meta property=\"og:description\" content=\"Nowoczesna deska do krojenia z konglomeratu kwarcowego z r\u0105czk\u0105. Wytrzyma\u0142a, higieniczna i designerska \u2013 idealna do ka\u017cdej kuchni!\" \/>\n<meta property=\"og:url\" content=\"https:\/\/kamienneblaty.pl\/sklep\/produkt\/deska-do-krojenia-z-konglomeratu-model-2\/\" \/>\n<meta property=\"og:site_name\" content=\"Kamieniarstwo ABC Sklep\" \/>\n<meta property=\"article:modified_time\" content=\"2025-05-31T10:44:03+00:00\" \/>\n<meta property=\"og:image\" content=\"https:\/\/kamienneblaty.pl\/sklep\/wp-content\/uploads\/2021\/01\/deska-do-krojenia-konglomerat-2-1.jpeg\" \/>\n\t<meta property=\"og:image:width\" content=\"1024\" \/>\n\t<meta property=\"og:image:height\" content=\"768\" \/>\n\t<meta property=\"og:image:type\" content=\"image\/jpeg\" \/>\n<meta name=\"twitter:card\" content=\"summary_large_image\" \/>\n<meta name=\"twitter:label1\" content=\"Szacowany czas czytania\" \/>\n\t<meta name=\"twitter:data1\" content=\"1 minuta\" \/>\n<script type=\"application\/ld+json\" class=\"yoast-schema-graph\">{\"@context\":\"https:\\\/\\\/schema.org\",\"@graph\":[{\"@type\":\"WebPage\",\"@id\":\"https:\\\/\\\/kamienneblaty.pl\\\/sklep\\\/produkt\\\/deska-do-krojenia-z-konglomeratu-model-2\\\/\",\"url\":\"https:\\\/\\\/kamienneblaty.pl\\\/sklep\\\/produkt\\\/deska-do-krojenia-z-konglomeratu-model-2\\\/\",\"name\":\"Deska do krojenia z konglomeratu z r\u0105czk\u0105 \u2013 trwa\u0142o\u015b\u0107 i styl\",\"isPartOf\":{\"@id\":\"https:\\\/\\\/kamienneblaty.pl\\\/sklep\\\/#website\"},\"primaryImageOfPage\":{\"@id\":\"https:\\\/\\\/kamienneblaty.pl\\\/sklep\\\/produkt\\\/deska-do-krojenia-z-konglomeratu-model-2\\\/#primaryimage\"},\"image\":{\"@id\":\"https:\\\/\\\/kamienneblaty.pl\\\/sklep\\\/produkt\\\/deska-do-krojenia-z-konglomeratu-model-2\\\/#primaryimage\"},\"thumbnailUrl\":\"https:\\\/\\\/kamienneblaty.pl\\\/sklep\\\/wp-content\\\/uploads\\\/2021\\\/01\\\/deska-do-krojenia-konglomerat-2-1.jpeg\",\"datePublished\":\"2021-01-04T08:06:25+00:00\",\"dateModified\":\"2025-05-31T10:44:03+00:00\",\"description\":\"Nowoczesna deska do krojenia z konglomeratu kwarcowego z r\u0105czk\u0105. Wytrzyma\u0142a, higieniczna i designerska \u2013 idealna do ka\u017cdej kuchni!\",\"breadcrumb\":{\"@id\":\"https:\\\/\\\/kamienneblaty.pl\\\/sklep\\\/produkt\\\/deska-do-krojenia-z-konglomeratu-model-2\\\/#breadcrumb\"},\"inLanguage\":\"pl-PL\",\"potentialAction\":[{\"@type\":\"ReadAction\",\"target\":[\"https:\\\/\\\/kamienneblaty.pl\\\/sklep\\\/produkt\\\/deska-do-krojenia-z-konglomeratu-model-2\\\/\"]}]},{\"@type\":\"ImageObject\",\"inLanguage\":\"pl-PL\",\"@id\":\"https:\\\/\\\/kamienneblaty.pl\\\/sklep\\\/produkt\\\/deska-do-krojenia-z-konglomeratu-model-2\\\/#primaryimage\",\"url\":\"https:\\\/\\\/kamienneblaty.pl\\\/sklep\\\/wp-content\\\/uploads\\\/2021\\\/01\\\/deska-do-krojenia-konglomerat-2-1.jpeg\",\"contentUrl\":\"https:\\\/\\\/kamienneblaty.pl\\\/sklep\\\/wp-content\\\/uploads\\\/2021\\\/01\\\/deska-do-krojenia-konglomerat-2-1.jpeg\",\"width\":1024,\"height\":768,\"caption\":\"Deska do krojenia z konglomeratu kwarcowego\"},{\"@type\":\"BreadcrumbList\",\"@id\":\"https:\\\/\\\/kamienneblaty.pl\\\/sklep\\\/produkt\\\/deska-do-krojenia-z-konglomeratu-model-2\\\/#breadcrumb\",\"itemListElement\":[{\"@type\":\"ListItem\",\"position\":1,\"name\":\"Strona g\u0142\u00f3wna\",\"item\":\"https:\\\/\\\/kamienneblaty.pl\\\/sklep\\\/\"},{\"@type\":\"ListItem\",\"position\":2,\"name\":\"Kamieniarstwo ABC Sklep\",\"item\":\"https:\\\/\\\/kamienneblaty.pl\\\/sklep\\\/\"},{\"@type\":\"ListItem\",\"position\":3,\"name\":\"Deska do krojenia z konglomeratu &#8211; model #2\"}]},{\"@type\":\"WebSite\",\"@id\":\"https:\\\/\\\/kamienneblaty.pl\\\/sklep\\\/#website\",\"url\":\"https:\\\/\\\/kamienneblaty.pl\\\/sklep\\\/\",\"name\":\"Kamieniarstwo ABC Sklep\",\"description\":\"R\u0119cznie tworzone produkty z kamienia, lastryko i konglomeratu\",\"publisher\":{\"@id\":\"https:\\\/\\\/kamienneblaty.pl\\\/sklep\\\/#organization\"},\"potentialAction\":[{\"@type\":\"SearchAction\",\"target\":{\"@type\":\"EntryPoint\",\"urlTemplate\":\"https:\\\/\\\/kamienneblaty.pl\\\/sklep\\\/?s={search_term_string}\"},\"query-input\":{\"@type\":\"PropertyValueSpecification\",\"valueRequired\":true,\"valueName\":\"search_term_string\"}}],\"inLanguage\":\"pl-PL\"},{\"@type\":\"Organization\",\"@id\":\"https:\\\/\\\/kamienneblaty.pl\\\/sklep\\\/#organization\",\"name\":\"Kamieniarstwo ABC\",\"url\":\"https:\\\/\\\/kamienneblaty.pl\\\/sklep\\\/\",\"logo\":{\"@type\":\"ImageObject\",\"inLanguage\":\"pl-PL\",\"@id\":\"https:\\\/\\\/kamienneblaty.pl\\\/sklep\\\/#\\\/schema\\\/logo\\\/image\\\/\",\"url\":\"https:\\\/\\\/kamienneblaty.pl\\\/sklep\\\/wp-content\\\/uploads\\\/2021\\\/01\\\/Kamieniarstwo-ABC-1.png\",\"contentUrl\":\"https:\\\/\\\/kamienneblaty.pl\\\/sklep\\\/wp-content\\\/uploads\\\/2021\\\/01\\\/Kamieniarstwo-ABC-1.png\",\"width\":481,\"height\":500,\"caption\":\"Kamieniarstwo ABC\"},\"image\":{\"@id\":\"https:\\\/\\\/kamienneblaty.pl\\\/sklep\\\/#\\\/schema\\\/logo\\\/image\\\/\"}}]}<\/script>\n<!-- \/ Yoast SEO plugin. -->","yoast_head_json":{"title":"Deska do krojenia z konglomeratu z r\u0105czk\u0105 \u2013 trwa\u0142o\u015b\u0107 i styl","description":"Nowoczesna deska do krojenia z konglomeratu kwarcowego z r\u0105czk\u0105. Wytrzyma\u0142a, higieniczna i designerska \u2013 idealna do ka\u017cdej kuchni!","robots":{"index":"index","follow":"follow","max-snippet":"max-snippet:-1","max-image-preview":"max-image-preview:large","max-video-preview":"max-video-preview:-1"},"canonical":"https:\/\/kamienneblaty.pl\/sklep\/produkt\/deska-do-krojenia-z-konglomeratu-model-2\/","og_locale":"pl_PL","og_type":"article","og_title":"Deska do krojenia z konglomeratu z r\u0105czk\u0105 \u2013 trwa\u0142o\u015b\u0107 i styl","og_description":"Nowoczesna deska do krojenia z konglomeratu kwarcowego z r\u0105czk\u0105. Wytrzyma\u0142a, higieniczna i designerska \u2013 idealna do ka\u017cdej kuchni!","og_url":"https:\/\/kamienneblaty.pl\/sklep\/produkt\/deska-do-krojenia-z-konglomeratu-model-2\/","og_site_name":"Kamieniarstwo ABC Sklep","article_modified_time":"2025-05-31T10:44:03+00:00","og_image":[{"width":1024,"height":768,"url":"https:\/\/kamienneblaty.pl\/sklep\/wp-content\/uploads\/2021\/01\/deska-do-krojenia-konglomerat-2-1.jpeg","type":"image\/jpeg"}],"twitter_card":"summary_large_image","twitter_misc":{"Szacowany czas czytania":"1 minuta"},"schema":{"@context":"https:\/\/schema.org","@graph":[{"@type":"WebPage","@id":"https:\/\/kamienneblaty.pl\/sklep\/produkt\/deska-do-krojenia-z-konglomeratu-model-2\/","url":"https:\/\/kamienneblaty.pl\/sklep\/produkt\/deska-do-krojenia-z-konglomeratu-model-2\/","name":"Deska do krojenia z konglomeratu z r\u0105czk\u0105 \u2013 trwa\u0142o\u015b\u0107 i styl","isPartOf":{"@id":"https:\/\/kamienneblaty.pl\/sklep\/#website"},"primaryImageOfPage":{"@id":"https:\/\/kamienneblaty.pl\/sklep\/produkt\/deska-do-krojenia-z-konglomeratu-model-2\/#primaryimage"},"image":{"@id":"https:\/\/kamienneblaty.pl\/sklep\/produkt\/deska-do-krojenia-z-konglomeratu-model-2\/#primaryimage"},"thumbnailUrl":"https:\/\/kamienneblaty.pl\/sklep\/wp-content\/uploads\/2021\/01\/deska-do-krojenia-konglomerat-2-1.jpeg","datePublished":"2021-01-04T08:06:25+00:00","dateModified":"2025-05-31T10:44:03+00:00","description":"Nowoczesna deska do krojenia z konglomeratu kwarcowego z r\u0105czk\u0105. Wytrzyma\u0142a, higieniczna i designerska \u2013 idealna do ka\u017cdej kuchni!","breadcrumb":{"@id":"https:\/\/kamienneblaty.pl\/sklep\/produkt\/deska-do-krojenia-z-konglomeratu-model-2\/#breadcrumb"},"inLanguage":"pl-PL","potentialAction":[{"@type":"ReadAction","target":["https:\/\/kamienneblaty.pl\/sklep\/produkt\/deska-do-krojenia-z-konglomeratu-model-2\/"]}]},{"@type":"ImageObject","inLanguage":"pl-PL","@id":"https:\/\/kamienneblaty.pl\/sklep\/produkt\/deska-do-krojenia-z-konglomeratu-model-2\/#primaryimage","url":"https:\/\/kamienneblaty.pl\/sklep\/wp-content\/uploads\/2021\/01\/deska-do-krojenia-konglomerat-2-1.jpeg","contentUrl":"https:\/\/kamienneblaty.pl\/sklep\/wp-content\/uploads\/2021\/01\/deska-do-krojenia-konglomerat-2-1.jpeg","width":1024,"height":768,"caption":"Deska do krojenia z konglomeratu kwarcowego"},{"@type":"BreadcrumbList","@id":"https:\/\/kamienneblaty.pl\/sklep\/produkt\/deska-do-krojenia-z-konglomeratu-model-2\/#breadcrumb","itemListElement":[{"@type":"ListItem","position":1,"name":"Strona g\u0142\u00f3wna","item":"https:\/\/kamienneblaty.pl\/sklep\/"},{"@type":"ListItem","position":2,"name":"Kamieniarstwo ABC Sklep","item":"https:\/\/kamienneblaty.pl\/sklep\/"},{"@type":"ListItem","position":3,"name":"Deska do krojenia z konglomeratu &#8211; model #2"}]},{"@type":"WebSite","@id":"https:\/\/kamienneblaty.pl\/sklep\/#website","url":"https:\/\/kamienneblaty.pl\/sklep\/","name":"Kamieniarstwo ABC Sklep","description":"R\u0119cznie tworzone produkty z kamienia, lastryko i konglomeratu","publisher":{"@id":"https:\/\/kamienneblaty.pl\/sklep\/#organization"},"potentialAction":[{"@type":"SearchAction","target":{"@type":"EntryPoint","urlTemplate":"https:\/\/kamienneblaty.pl\/sklep\/?s={search_term_string}"},"query-input":{"@type":"PropertyValueSpecification","valueRequired":true,"valueName":"search_term_string"}}],"inLanguage":"pl-PL"},{"@type":"Organization","@id":"https:\/\/kamienneblaty.pl\/sklep\/#organization","name":"Kamieniarstwo ABC","url":"https:\/\/kamienneblaty.pl\/sklep\/","logo":{"@type":"ImageObject","inLanguage":"pl-PL","@id":"https:\/\/kamienneblaty.pl\/sklep\/#\/schema\/logo\/image\/","url":"https:\/\/kamienneblaty.pl\/sklep\/wp-content\/uploads\/2021\/01\/Kamieniarstwo-ABC-1.png","contentUrl":"https:\/\/kamienneblaty.pl\/sklep\/wp-content\/uploads\/2021\/01\/Kamieniarstwo-ABC-1.png","width":481,"height":500,"caption":"Kamieniarstwo ABC"},"image":{"@id":"https:\/\/kamienneblaty.pl\/sklep\/#\/schema\/logo\/image\/"}}]}},"_links":{"self":[{"href":"https:\/\/kamienneblaty.pl\/sklep\/wp-json\/wp\/v2\/product\/3004","targetHints":{"allow":["GET"]}}],"collection":[{"href":"https:\/\/kamienneblaty.pl\/sklep\/wp-json\/wp\/v2\/product"}],"about":[{"href":"https:\/\/kamienneblaty.pl\/sklep\/wp-json\/wp\/v2\/types\/product"}],"wp:featuredmedia":[{"embeddable":true,"href":"https:\/\/kamienneblaty.pl\/sklep\/wp-json\/wp\/v2\/media\/3008"}],"wp:attachment":[{"href":"https:\/\/kamienneblaty.pl\/sklep\/wp-json\/wp\/v2\/media?parent=3004"}],"wp:term":[{"taxonomy":"product_brand","embeddable":true,"href":"https:\/\/kamienneblaty.pl\/sklep\/wp-json\/wp\/v2\/product_brand?post=3004"},{"taxonomy":"product_cat","embeddable":true,"href":"https:\/\/kamienneblaty.pl\/sklep\/wp-json\/wp\/v2\/product_cat?post=3004"},{"taxonomy":"product_tag","embeddable":true,"href":"https:\/\/kamienneblaty.pl\/sklep\/wp-json\/wp\/v2\/product_tag?post=3004"}],"curies":[{"name":"wp","href":"https:\/\/api.w.org\/{rel}","templated":true}]}}