{"id":3043,"date":"2021-01-04T09:02:08","date_gmt":"2021-01-04T09:02:08","guid":{"rendered":"https:\/\/kamienneblaty.pl\/sklep\/?post_type=product&#038;p=3043"},"modified":"2025-05-31T10:55:16","modified_gmt":"2025-05-31T10:55:16","slug":"stolik-stalowy-malowany-proszkowo-z-okraglym-blatem-terazzo-retro-mood","status":"publish","type":"product","link":"https:\/\/kamienneblaty.pl\/sklep\/produkt\/stolik-stalowy-malowany-proszkowo-z-okraglym-blatem-terazzo-retro-mood\/","title":{"rendered":"Stolik stalowy malowany proszkowo z okr\u0105g\u0142ym blatem Terazzo Retro Mood"},"content":{"rendered":"<p>Stolik stalowy z okr\u0105g\u0142ym blatem z lastryko Terazzo Retro Mood o \u015brednicy 100 cm to efektowny mebel, kt\u00f3ry natychmiast przyci\u0105ga wzrok.<\/p>\n<p>Du\u017cy, kolorowy blat wykonany z terrazzo w stylu Retro Mood stanowi idealne po\u0142\u0105czenie funkcjonalno\u015bci i estetyki, nadaj\u0105c wn\u0119trzu niepowtarzalnego charakteru.<\/p>\n<p>Stabilna podstawa ze stali malowanej proszkowo zapewnia trwa\u0142o\u015b\u0107 i odporno\u015b\u0107 na codzienne u\u017cytkowanie.<\/p>\n<p>Stolik doskonale sprawdzi si\u0119 jako centralny punkt salonu, stylowy stolik kawowy w przestrzeniach komercyjnych lub designerski element w nowoczesnych aran\u017cacjach.<\/p>\n<p><strong>Czas realizacji zam\u00f3wienia: 7-15 dni roboczych.<\/strong><\/p>\n","protected":false},"excerpt":{"rendered":"<p>Stolik stalowy z okr\u0105g\u0142ym blatem z lastryko Terazzo Retro Mood o \u015brednicy 100 cm to efektowny mebel, kt\u00f3ry natychmiast przyci\u0105ga wzrok. Du\u017cy, kolorowy blat wykonany z terrazzo w stylu Retro Mood stanowi idealne po\u0142\u0105czenie funkcjonalno\u015bci i estetyki, nadaj\u0105c wn\u0119trzu niepowtarzalnego charakteru. Stabilna podstawa ze stali malowanej proszkowo zapewnia trwa\u0142o\u015b\u0107 i odporno\u015b\u0107 na codzienne u\u017cytkowanie. Stolik [&hellip;]<\/p>\n","protected":false},"featured_media":3048,"template":"","meta":[],"product_brand":[],"product_cat":[138,15],"product_tag":[282,283,280,281,144,139,279,80,277,278,249,276,269],"class_list":{"0":"post-3043","1":"product","2":"type-product","3":"status-publish","4":"has-post-thumbnail","6":"product_cat-salon","7":"product_cat-wszystkie","8":"product_tag-duzy-stolik","9":"product_tag-meble-z-terrazzo","10":"product_tag-okragly-stolik-100-cm","11":"product_tag-stolik-designerski","12":"product_tag-stolik-do-salonu","13":"product_tag-stolik-kawowy","14":"product_tag-stolik-malowany-proszkowo","15":"product_tag-stolik-metalowy-z-okraglym-blatem-z-lastryko","16":"product_tag-stolik-retro-mood","17":"product_tag-stolik-stalowy","18":"product_tag-stolik-z-lastryko","19":"product_tag-stolik-z-terrazzo","20":"product_tag-terrazzo-retro-mood","22":"first","23":"onbackorder","24":"taxable","25":"shipping-taxable","26":"purchasable","27":"product-type-simple"},"yoast_head":"<!-- This site is optimized with the Yoast SEO plugin v27.3 - https:\/\/yoast.com\/product\/yoast-seo-wordpress\/ -->\n<title>Stolik z lastryko Retro Mood - stalowa podstawa, loftowy styl<\/title>\n<meta name=\"description\" content=\"Du\u017cy okr\u0105g\u0142y stolik z lastryko Retro Mood (\u015brednica 100cm) na stalowej podstawie malowanej proszkowo. Po\u0142\u0105czenie koloru, trwa\u0142o\u015bci i industrialnego designu.\" \/>\n<meta name=\"robots\" content=\"index, follow, max-snippet:-1, max-image-preview:large, max-video-preview:-1\" \/>\n<link rel=\"canonical\" href=\"https:\/\/kamienneblaty.pl\/sklep\/produkt\/stolik-stalowy-malowany-proszkowo-z-okraglym-blatem-terazzo-retro-mood\/\" \/>\n<meta property=\"og:locale\" content=\"pl_PL\" \/>\n<meta property=\"og:type\" content=\"article\" \/>\n<meta property=\"og:title\" content=\"Stolik z lastryko Retro Mood - stalowa podstawa, loftowy styl\" \/>\n<meta property=\"og:description\" content=\"Du\u017cy okr\u0105g\u0142y stolik z lastryko Retro Mood (\u015brednica 100cm) na stalowej podstawie malowanej proszkowo. Po\u0142\u0105czenie koloru, trwa\u0142o\u015bci i industrialnego designu.\" \/>\n<meta property=\"og:url\" content=\"https:\/\/kamienneblaty.pl\/sklep\/produkt\/stolik-stalowy-malowany-proszkowo-z-okraglym-blatem-terazzo-retro-mood\/\" \/>\n<meta property=\"og:site_name\" content=\"Kamieniarstwo ABC Sklep\" \/>\n<meta property=\"article:modified_time\" content=\"2025-05-31T10:55:16+00:00\" \/>\n<meta property=\"og:image\" content=\"https:\/\/kamienneblaty.pl\/sklep\/wp-content\/uploads\/2021\/01\/stolik-stalowy-z-okraglym-blatem-terazzo-retro-mood.jpeg\" \/>\n\t<meta property=\"og:image:width\" content=\"1600\" \/>\n\t<meta property=\"og:image:height\" content=\"1066\" \/>\n\t<meta property=\"og:image:type\" content=\"image\/jpeg\" \/>\n<meta name=\"twitter:card\" content=\"summary_large_image\" \/>\n<meta name=\"twitter:label1\" content=\"Szacowany czas czytania\" \/>\n\t<meta name=\"twitter:data1\" content=\"1 minuta\" \/>\n<script type=\"application\/ld+json\" class=\"yoast-schema-graph\">{\"@context\":\"https:\\\/\\\/schema.org\",\"@graph\":[{\"@type\":\"WebPage\",\"@id\":\"https:\\\/\\\/kamienneblaty.pl\\\/sklep\\\/produkt\\\/stolik-stalowy-malowany-proszkowo-z-okraglym-blatem-terazzo-retro-mood\\\/\",\"url\":\"https:\\\/\\\/kamienneblaty.pl\\\/sklep\\\/produkt\\\/stolik-stalowy-malowany-proszkowo-z-okraglym-blatem-terazzo-retro-mood\\\/\",\"name\":\"Stolik z lastryko Retro Mood - stalowa podstawa, loftowy styl\",\"isPartOf\":{\"@id\":\"https:\\\/\\\/kamienneblaty.pl\\\/sklep\\\/#website\"},\"primaryImageOfPage\":{\"@id\":\"https:\\\/\\\/kamienneblaty.pl\\\/sklep\\\/produkt\\\/stolik-stalowy-malowany-proszkowo-z-okraglym-blatem-terazzo-retro-mood\\\/#primaryimage\"},\"image\":{\"@id\":\"https:\\\/\\\/kamienneblaty.pl\\\/sklep\\\/produkt\\\/stolik-stalowy-malowany-proszkowo-z-okraglym-blatem-terazzo-retro-mood\\\/#primaryimage\"},\"thumbnailUrl\":\"https:\\\/\\\/kamienneblaty.pl\\\/sklep\\\/wp-content\\\/uploads\\\/2021\\\/01\\\/stolik-stalowy-z-okraglym-blatem-terazzo-retro-mood.jpeg\",\"datePublished\":\"2021-01-04T09:02:08+00:00\",\"dateModified\":\"2025-05-31T10:55:16+00:00\",\"description\":\"Du\u017cy okr\u0105g\u0142y stolik z lastryko Retro Mood (\u015brednica 100cm) na stalowej podstawie malowanej proszkowo. Po\u0142\u0105czenie koloru, trwa\u0142o\u015bci i industrialnego designu.\",\"breadcrumb\":{\"@id\":\"https:\\\/\\\/kamienneblaty.pl\\\/sklep\\\/produkt\\\/stolik-stalowy-malowany-proszkowo-z-okraglym-blatem-terazzo-retro-mood\\\/#breadcrumb\"},\"inLanguage\":\"pl-PL\",\"potentialAction\":[{\"@type\":\"ReadAction\",\"target\":[\"https:\\\/\\\/kamienneblaty.pl\\\/sklep\\\/produkt\\\/stolik-stalowy-malowany-proszkowo-z-okraglym-blatem-terazzo-retro-mood\\\/\"]}]},{\"@type\":\"ImageObject\",\"inLanguage\":\"pl-PL\",\"@id\":\"https:\\\/\\\/kamienneblaty.pl\\\/sklep\\\/produkt\\\/stolik-stalowy-malowany-proszkowo-z-okraglym-blatem-terazzo-retro-mood\\\/#primaryimage\",\"url\":\"https:\\\/\\\/kamienneblaty.pl\\\/sklep\\\/wp-content\\\/uploads\\\/2021\\\/01\\\/stolik-stalowy-z-okraglym-blatem-terazzo-retro-mood.jpeg\",\"contentUrl\":\"https:\\\/\\\/kamienneblaty.pl\\\/sklep\\\/wp-content\\\/uploads\\\/2021\\\/01\\\/stolik-stalowy-z-okraglym-blatem-terazzo-retro-mood.jpeg\",\"width\":1600,\"height\":1066},{\"@type\":\"BreadcrumbList\",\"@id\":\"https:\\\/\\\/kamienneblaty.pl\\\/sklep\\\/produkt\\\/stolik-stalowy-malowany-proszkowo-z-okraglym-blatem-terazzo-retro-mood\\\/#breadcrumb\",\"itemListElement\":[{\"@type\":\"ListItem\",\"position\":1,\"name\":\"Strona g\u0142\u00f3wna\",\"item\":\"https:\\\/\\\/kamienneblaty.pl\\\/sklep\\\/\"},{\"@type\":\"ListItem\",\"position\":2,\"name\":\"Kamieniarstwo ABC Sklep\",\"item\":\"https:\\\/\\\/kamienneblaty.pl\\\/sklep\\\/\"},{\"@type\":\"ListItem\",\"position\":3,\"name\":\"Stolik stalowy malowany proszkowo z okr\u0105g\u0142ym blatem Terazzo Retro Mood\"}]},{\"@type\":\"WebSite\",\"@id\":\"https:\\\/\\\/kamienneblaty.pl\\\/sklep\\\/#website\",\"url\":\"https:\\\/\\\/kamienneblaty.pl\\\/sklep\\\/\",\"name\":\"Kamieniarstwo ABC Sklep\",\"description\":\"R\u0119cznie tworzone produkty z kamienia, lastryko i konglomeratu\",\"publisher\":{\"@id\":\"https:\\\/\\\/kamienneblaty.pl\\\/sklep\\\/#organization\"},\"potentialAction\":[{\"@type\":\"SearchAction\",\"target\":{\"@type\":\"EntryPoint\",\"urlTemplate\":\"https:\\\/\\\/kamienneblaty.pl\\\/sklep\\\/?s={search_term_string}\"},\"query-input\":{\"@type\":\"PropertyValueSpecification\",\"valueRequired\":true,\"valueName\":\"search_term_string\"}}],\"inLanguage\":\"pl-PL\"},{\"@type\":\"Organization\",\"@id\":\"https:\\\/\\\/kamienneblaty.pl\\\/sklep\\\/#organization\",\"name\":\"Kamieniarstwo ABC\",\"url\":\"https:\\\/\\\/kamienneblaty.pl\\\/sklep\\\/\",\"logo\":{\"@type\":\"ImageObject\",\"inLanguage\":\"pl-PL\",\"@id\":\"https:\\\/\\\/kamienneblaty.pl\\\/sklep\\\/#\\\/schema\\\/logo\\\/image\\\/\",\"url\":\"https:\\\/\\\/kamienneblaty.pl\\\/sklep\\\/wp-content\\\/uploads\\\/2021\\\/01\\\/Kamieniarstwo-ABC-1.png\",\"contentUrl\":\"https:\\\/\\\/kamienneblaty.pl\\\/sklep\\\/wp-content\\\/uploads\\\/2021\\\/01\\\/Kamieniarstwo-ABC-1.png\",\"width\":481,\"height\":500,\"caption\":\"Kamieniarstwo ABC\"},\"image\":{\"@id\":\"https:\\\/\\\/kamienneblaty.pl\\\/sklep\\\/#\\\/schema\\\/logo\\\/image\\\/\"}}]}<\/script>\n<!-- \/ Yoast SEO plugin. -->","yoast_head_json":{"title":"Stolik z lastryko Retro Mood - stalowa podstawa, loftowy styl","description":"Du\u017cy okr\u0105g\u0142y stolik z lastryko Retro Mood (\u015brednica 100cm) na stalowej podstawie malowanej proszkowo. Po\u0142\u0105czenie koloru, trwa\u0142o\u015bci i industrialnego designu.","robots":{"index":"index","follow":"follow","max-snippet":"max-snippet:-1","max-image-preview":"max-image-preview:large","max-video-preview":"max-video-preview:-1"},"canonical":"https:\/\/kamienneblaty.pl\/sklep\/produkt\/stolik-stalowy-malowany-proszkowo-z-okraglym-blatem-terazzo-retro-mood\/","og_locale":"pl_PL","og_type":"article","og_title":"Stolik z lastryko Retro Mood - stalowa podstawa, loftowy styl","og_description":"Du\u017cy okr\u0105g\u0142y stolik z lastryko Retro Mood (\u015brednica 100cm) na stalowej podstawie malowanej proszkowo. Po\u0142\u0105czenie koloru, trwa\u0142o\u015bci i industrialnego designu.","og_url":"https:\/\/kamienneblaty.pl\/sklep\/produkt\/stolik-stalowy-malowany-proszkowo-z-okraglym-blatem-terazzo-retro-mood\/","og_site_name":"Kamieniarstwo ABC Sklep","article_modified_time":"2025-05-31T10:55:16+00:00","og_image":[{"width":1600,"height":1066,"url":"https:\/\/kamienneblaty.pl\/sklep\/wp-content\/uploads\/2021\/01\/stolik-stalowy-z-okraglym-blatem-terazzo-retro-mood.jpeg","type":"image\/jpeg"}],"twitter_card":"summary_large_image","twitter_misc":{"Szacowany czas czytania":"1 minuta"},"schema":{"@context":"https:\/\/schema.org","@graph":[{"@type":"WebPage","@id":"https:\/\/kamienneblaty.pl\/sklep\/produkt\/stolik-stalowy-malowany-proszkowo-z-okraglym-blatem-terazzo-retro-mood\/","url":"https:\/\/kamienneblaty.pl\/sklep\/produkt\/stolik-stalowy-malowany-proszkowo-z-okraglym-blatem-terazzo-retro-mood\/","name":"Stolik z lastryko Retro Mood - stalowa podstawa, loftowy styl","isPartOf":{"@id":"https:\/\/kamienneblaty.pl\/sklep\/#website"},"primaryImageOfPage":{"@id":"https:\/\/kamienneblaty.pl\/sklep\/produkt\/stolik-stalowy-malowany-proszkowo-z-okraglym-blatem-terazzo-retro-mood\/#primaryimage"},"image":{"@id":"https:\/\/kamienneblaty.pl\/sklep\/produkt\/stolik-stalowy-malowany-proszkowo-z-okraglym-blatem-terazzo-retro-mood\/#primaryimage"},"thumbnailUrl":"https:\/\/kamienneblaty.pl\/sklep\/wp-content\/uploads\/2021\/01\/stolik-stalowy-z-okraglym-blatem-terazzo-retro-mood.jpeg","datePublished":"2021-01-04T09:02:08+00:00","dateModified":"2025-05-31T10:55:16+00:00","description":"Du\u017cy okr\u0105g\u0142y stolik z lastryko Retro Mood (\u015brednica 100cm) na stalowej podstawie malowanej proszkowo. Po\u0142\u0105czenie koloru, trwa\u0142o\u015bci i industrialnego designu.","breadcrumb":{"@id":"https:\/\/kamienneblaty.pl\/sklep\/produkt\/stolik-stalowy-malowany-proszkowo-z-okraglym-blatem-terazzo-retro-mood\/#breadcrumb"},"inLanguage":"pl-PL","potentialAction":[{"@type":"ReadAction","target":["https:\/\/kamienneblaty.pl\/sklep\/produkt\/stolik-stalowy-malowany-proszkowo-z-okraglym-blatem-terazzo-retro-mood\/"]}]},{"@type":"ImageObject","inLanguage":"pl-PL","@id":"https:\/\/kamienneblaty.pl\/sklep\/produkt\/stolik-stalowy-malowany-proszkowo-z-okraglym-blatem-terazzo-retro-mood\/#primaryimage","url":"https:\/\/kamienneblaty.pl\/sklep\/wp-content\/uploads\/2021\/01\/stolik-stalowy-z-okraglym-blatem-terazzo-retro-mood.jpeg","contentUrl":"https:\/\/kamienneblaty.pl\/sklep\/wp-content\/uploads\/2021\/01\/stolik-stalowy-z-okraglym-blatem-terazzo-retro-mood.jpeg","width":1600,"height":1066},{"@type":"BreadcrumbList","@id":"https:\/\/kamienneblaty.pl\/sklep\/produkt\/stolik-stalowy-malowany-proszkowo-z-okraglym-blatem-terazzo-retro-mood\/#breadcrumb","itemListElement":[{"@type":"ListItem","position":1,"name":"Strona g\u0142\u00f3wna","item":"https:\/\/kamienneblaty.pl\/sklep\/"},{"@type":"ListItem","position":2,"name":"Kamieniarstwo ABC Sklep","item":"https:\/\/kamienneblaty.pl\/sklep\/"},{"@type":"ListItem","position":3,"name":"Stolik stalowy malowany proszkowo z okr\u0105g\u0142ym blatem Terazzo Retro Mood"}]},{"@type":"WebSite","@id":"https:\/\/kamienneblaty.pl\/sklep\/#website","url":"https:\/\/kamienneblaty.pl\/sklep\/","name":"Kamieniarstwo ABC Sklep","description":"R\u0119cznie tworzone produkty z kamienia, lastryko i konglomeratu","publisher":{"@id":"https:\/\/kamienneblaty.pl\/sklep\/#organization"},"potentialAction":[{"@type":"SearchAction","target":{"@type":"EntryPoint","urlTemplate":"https:\/\/kamienneblaty.pl\/sklep\/?s={search_term_string}"},"query-input":{"@type":"PropertyValueSpecification","valueRequired":true,"valueName":"search_term_string"}}],"inLanguage":"pl-PL"},{"@type":"Organization","@id":"https:\/\/kamienneblaty.pl\/sklep\/#organization","name":"Kamieniarstwo ABC","url":"https:\/\/kamienneblaty.pl\/sklep\/","logo":{"@type":"ImageObject","inLanguage":"pl-PL","@id":"https:\/\/kamienneblaty.pl\/sklep\/#\/schema\/logo\/image\/","url":"https:\/\/kamienneblaty.pl\/sklep\/wp-content\/uploads\/2021\/01\/Kamieniarstwo-ABC-1.png","contentUrl":"https:\/\/kamienneblaty.pl\/sklep\/wp-content\/uploads\/2021\/01\/Kamieniarstwo-ABC-1.png","width":481,"height":500,"caption":"Kamieniarstwo ABC"},"image":{"@id":"https:\/\/kamienneblaty.pl\/sklep\/#\/schema\/logo\/image\/"}}]}},"_links":{"self":[{"href":"https:\/\/kamienneblaty.pl\/sklep\/wp-json\/wp\/v2\/product\/3043","targetHints":{"allow":["GET"]}}],"collection":[{"href":"https:\/\/kamienneblaty.pl\/sklep\/wp-json\/wp\/v2\/product"}],"about":[{"href":"https:\/\/kamienneblaty.pl\/sklep\/wp-json\/wp\/v2\/types\/product"}],"wp:featuredmedia":[{"embeddable":true,"href":"https:\/\/kamienneblaty.pl\/sklep\/wp-json\/wp\/v2\/media\/3048"}],"wp:attachment":[{"href":"https:\/\/kamienneblaty.pl\/sklep\/wp-json\/wp\/v2\/media?parent=3043"}],"wp:term":[{"taxonomy":"product_brand","embeddable":true,"href":"https:\/\/kamienneblaty.pl\/sklep\/wp-json\/wp\/v2\/product_brand?post=3043"},{"taxonomy":"product_cat","embeddable":true,"href":"https:\/\/kamienneblaty.pl\/sklep\/wp-json\/wp\/v2\/product_cat?post=3043"},{"taxonomy":"product_tag","embeddable":true,"href":"https:\/\/kamienneblaty.pl\/sklep\/wp-json\/wp\/v2\/product_tag?post=3043"}],"curies":[{"name":"wp","href":"https:\/\/api.w.org\/{rel}","templated":true}]}}