{"id":3092,"date":"2021-01-08T06:08:58","date_gmt":"2021-01-08T06:08:58","guid":{"rendered":"https:\/\/kamienneblaty.pl\/sklep\/?post_type=product&#038;p=3092"},"modified":"2025-05-31T10:31:51","modified_gmt":"2025-05-31T10:31:51","slug":"mydelniczka-z-lastryko-terazzo","status":"publish","type":"product","link":"https:\/\/kamienneblaty.pl\/sklep\/produkt\/mydelniczka-z-lastryko-terazzo\/","title":{"rendered":"Mydelniczka z Lastryko Terazzo"},"content":{"rendered":"<p>Mydelniczka z lastryko (terazzo) to ma\u0142y, ale wyrazisty akcent, kt\u00f3ry wnosi do \u0142azienki styl i elegancj\u0119.<\/p>\n<p>Wykonana z trwa\u0142ego kompozytu kamiennego, odporna na wilgo\u0107 i zarysowania, doskonale sprawdza si\u0119 w codziennym u\u017cytkowaniu. Naturalna porowato\u015b\u0107 lastryko oraz r\u0119czne wyko\u0144czenie sprawiaj\u0105, \u017ce ka\u017cda sztuka jest unikalna.<\/p>\n<p>Idealna do nowoczesnych, loftowych i minimalistycznych wn\u0119trz, ale r\u00f3wnie\u017c \u015bwietnie komponuje si\u0119 z klimatem retro. To praktyczny dodatek, kt\u00f3ry podkre\u015bla charakter \u0142azienki i dba\u0142o\u015b\u0107 o detale.<\/p>\n","protected":false},"excerpt":{"rendered":"<p>Mydelniczka z lastryko (terazzo) to ma\u0142y, ale wyrazisty akcent, kt\u00f3ry wnosi do \u0142azienki styl i elegancj\u0119. Wykonana z trwa\u0142ego kompozytu kamiennego, odporna na wilgo\u0107 i zarysowania, doskonale sprawdza si\u0119 w codziennym u\u017cytkowaniu. Naturalna porowato\u015b\u0107 lastryko oraz r\u0119czne wyko\u0144czenie sprawiaj\u0105, \u017ce ka\u017cda sztuka jest unikalna. Idealna do nowoczesnych, loftowych i minimalistycznych wn\u0119trz, ale r\u00f3wnie\u017c \u015bwietnie komponuje [&hellip;]<\/p>\n","protected":false},"featured_media":3097,"template":"","meta":[],"product_brand":[],"product_cat":[69,15],"product_tag":[231,234,233,235,232,230,238,236,237,220],"class_list":{"0":"post-3092","1":"product","2":"type-product","3":"status-publish","4":"has-post-thumbnail","6":"product_cat-lazienka","7":"product_cat-wszystkie","8":"product_tag-akcesoria-lazienkowe","9":"product_tag-dodatki-z-kamienia","10":"product_tag-lastryko-lazienka","11":"product_tag-mydelniczka-designerska","12":"product_tag-mydelniczka-kamienna","13":"product_tag-mydelniczka-lastryko","14":"product_tag-mydelniczka-na-prezent","15":"product_tag-recznie-robiona-mydelniczka","16":"product_tag-stylowa-lazienka","17":"product_tag-terazzo","19":"first","20":"instock","21":"taxable","22":"shipping-taxable","23":"purchasable","24":"product-type-variable"},"yoast_head":"<!-- This site is optimized with the Yoast SEO plugin v27.3 - https:\/\/yoast.com\/product\/yoast-seo-wordpress\/ -->\n<title>Mydelniczka z lastryko Terazzo \u2013 stylowy dodatek do \u0142azienki<\/title>\n<meta name=\"description\" content=\"Elegancka mydelniczka z lastryko Terazzo \u2013 trwa\u0142a, designerska i unikalna. Dodaj charakteru swojej \u0142azience dzi\u0119ki stylowym akcesoriom z kamienia!\" \/>\n<meta name=\"robots\" content=\"index, follow, max-snippet:-1, max-image-preview:large, max-video-preview:-1\" \/>\n<link rel=\"canonical\" href=\"https:\/\/kamienneblaty.pl\/sklep\/produkt\/mydelniczka-z-lastryko-terazzo\/\" \/>\n<meta property=\"og:locale\" content=\"pl_PL\" \/>\n<meta property=\"og:type\" content=\"article\" \/>\n<meta property=\"og:title\" content=\"Mydelniczka z lastryko Terazzo \u2013 stylowy dodatek do \u0142azienki\" \/>\n<meta property=\"og:description\" content=\"Elegancka mydelniczka z lastryko Terazzo \u2013 trwa\u0142a, designerska i unikalna. Dodaj charakteru swojej \u0142azience dzi\u0119ki stylowym akcesoriom z kamienia!\" \/>\n<meta property=\"og:url\" content=\"https:\/\/kamienneblaty.pl\/sklep\/produkt\/mydelniczka-z-lastryko-terazzo\/\" \/>\n<meta property=\"og:site_name\" content=\"Kamieniarstwo ABC Sklep\" \/>\n<meta property=\"article:modified_time\" content=\"2025-05-31T10:31:51+00:00\" \/>\n<meta property=\"og:image\" content=\"https:\/\/kamienneblaty.pl\/sklep\/wp-content\/uploads\/2021\/01\/mydelniczka-lastryko.jpeg\" \/>\n\t<meta property=\"og:image:width\" content=\"1600\" \/>\n\t<meta property=\"og:image:height\" content=\"966\" \/>\n\t<meta property=\"og:image:type\" content=\"image\/jpeg\" \/>\n<meta name=\"twitter:card\" content=\"summary_large_image\" \/>\n<meta name=\"twitter:label1\" content=\"Szacowany czas czytania\" \/>\n\t<meta name=\"twitter:data1\" content=\"1 minuta\" \/>\n<script type=\"application\/ld+json\" class=\"yoast-schema-graph\">{\"@context\":\"https:\\\/\\\/schema.org\",\"@graph\":[{\"@type\":\"WebPage\",\"@id\":\"https:\\\/\\\/kamienneblaty.pl\\\/sklep\\\/produkt\\\/mydelniczka-z-lastryko-terazzo\\\/\",\"url\":\"https:\\\/\\\/kamienneblaty.pl\\\/sklep\\\/produkt\\\/mydelniczka-z-lastryko-terazzo\\\/\",\"name\":\"Mydelniczka z lastryko Terazzo \u2013 stylowy dodatek do \u0142azienki\",\"isPartOf\":{\"@id\":\"https:\\\/\\\/kamienneblaty.pl\\\/sklep\\\/#website\"},\"primaryImageOfPage\":{\"@id\":\"https:\\\/\\\/kamienneblaty.pl\\\/sklep\\\/produkt\\\/mydelniczka-z-lastryko-terazzo\\\/#primaryimage\"},\"image\":{\"@id\":\"https:\\\/\\\/kamienneblaty.pl\\\/sklep\\\/produkt\\\/mydelniczka-z-lastryko-terazzo\\\/#primaryimage\"},\"thumbnailUrl\":\"https:\\\/\\\/kamienneblaty.pl\\\/sklep\\\/wp-content\\\/uploads\\\/2021\\\/01\\\/mydelniczka-lastryko.jpeg\",\"datePublished\":\"2021-01-08T06:08:58+00:00\",\"dateModified\":\"2025-05-31T10:31:51+00:00\",\"description\":\"Elegancka mydelniczka z lastryko Terazzo \u2013 trwa\u0142a, designerska i unikalna. Dodaj charakteru swojej \u0142azience dzi\u0119ki stylowym akcesoriom z kamienia!\",\"breadcrumb\":{\"@id\":\"https:\\\/\\\/kamienneblaty.pl\\\/sklep\\\/produkt\\\/mydelniczka-z-lastryko-terazzo\\\/#breadcrumb\"},\"inLanguage\":\"pl-PL\",\"potentialAction\":[{\"@type\":\"ReadAction\",\"target\":[\"https:\\\/\\\/kamienneblaty.pl\\\/sklep\\\/produkt\\\/mydelniczka-z-lastryko-terazzo\\\/\"]}]},{\"@type\":\"ImageObject\",\"inLanguage\":\"pl-PL\",\"@id\":\"https:\\\/\\\/kamienneblaty.pl\\\/sklep\\\/produkt\\\/mydelniczka-z-lastryko-terazzo\\\/#primaryimage\",\"url\":\"https:\\\/\\\/kamienneblaty.pl\\\/sklep\\\/wp-content\\\/uploads\\\/2021\\\/01\\\/mydelniczka-lastryko.jpeg\",\"contentUrl\":\"https:\\\/\\\/kamienneblaty.pl\\\/sklep\\\/wp-content\\\/uploads\\\/2021\\\/01\\\/mydelniczka-lastryko.jpeg\",\"width\":1600,\"height\":966},{\"@type\":\"BreadcrumbList\",\"@id\":\"https:\\\/\\\/kamienneblaty.pl\\\/sklep\\\/produkt\\\/mydelniczka-z-lastryko-terazzo\\\/#breadcrumb\",\"itemListElement\":[{\"@type\":\"ListItem\",\"position\":1,\"name\":\"Strona g\u0142\u00f3wna\",\"item\":\"https:\\\/\\\/kamienneblaty.pl\\\/sklep\\\/\"},{\"@type\":\"ListItem\",\"position\":2,\"name\":\"Kamieniarstwo ABC Sklep\",\"item\":\"https:\\\/\\\/kamienneblaty.pl\\\/sklep\\\/\"},{\"@type\":\"ListItem\",\"position\":3,\"name\":\"Mydelniczka z Lastryko Terazzo\"}]},{\"@type\":\"WebSite\",\"@id\":\"https:\\\/\\\/kamienneblaty.pl\\\/sklep\\\/#website\",\"url\":\"https:\\\/\\\/kamienneblaty.pl\\\/sklep\\\/\",\"name\":\"Kamieniarstwo ABC Sklep\",\"description\":\"R\u0119cznie tworzone produkty z kamienia, lastryko i konglomeratu\",\"publisher\":{\"@id\":\"https:\\\/\\\/kamienneblaty.pl\\\/sklep\\\/#organization\"},\"potentialAction\":[{\"@type\":\"SearchAction\",\"target\":{\"@type\":\"EntryPoint\",\"urlTemplate\":\"https:\\\/\\\/kamienneblaty.pl\\\/sklep\\\/?s={search_term_string}\"},\"query-input\":{\"@type\":\"PropertyValueSpecification\",\"valueRequired\":true,\"valueName\":\"search_term_string\"}}],\"inLanguage\":\"pl-PL\"},{\"@type\":\"Organization\",\"@id\":\"https:\\\/\\\/kamienneblaty.pl\\\/sklep\\\/#organization\",\"name\":\"Kamieniarstwo ABC\",\"url\":\"https:\\\/\\\/kamienneblaty.pl\\\/sklep\\\/\",\"logo\":{\"@type\":\"ImageObject\",\"inLanguage\":\"pl-PL\",\"@id\":\"https:\\\/\\\/kamienneblaty.pl\\\/sklep\\\/#\\\/schema\\\/logo\\\/image\\\/\",\"url\":\"https:\\\/\\\/kamienneblaty.pl\\\/sklep\\\/wp-content\\\/uploads\\\/2021\\\/01\\\/Kamieniarstwo-ABC-1.png\",\"contentUrl\":\"https:\\\/\\\/kamienneblaty.pl\\\/sklep\\\/wp-content\\\/uploads\\\/2021\\\/01\\\/Kamieniarstwo-ABC-1.png\",\"width\":481,\"height\":500,\"caption\":\"Kamieniarstwo ABC\"},\"image\":{\"@id\":\"https:\\\/\\\/kamienneblaty.pl\\\/sklep\\\/#\\\/schema\\\/logo\\\/image\\\/\"}}]}<\/script>\n<!-- \/ Yoast SEO plugin. -->","yoast_head_json":{"title":"Mydelniczka z lastryko Terazzo \u2013 stylowy dodatek do \u0142azienki","description":"Elegancka mydelniczka z lastryko Terazzo \u2013 trwa\u0142a, designerska i unikalna. Dodaj charakteru swojej \u0142azience dzi\u0119ki stylowym akcesoriom z kamienia!","robots":{"index":"index","follow":"follow","max-snippet":"max-snippet:-1","max-image-preview":"max-image-preview:large","max-video-preview":"max-video-preview:-1"},"canonical":"https:\/\/kamienneblaty.pl\/sklep\/produkt\/mydelniczka-z-lastryko-terazzo\/","og_locale":"pl_PL","og_type":"article","og_title":"Mydelniczka z lastryko Terazzo \u2013 stylowy dodatek do \u0142azienki","og_description":"Elegancka mydelniczka z lastryko Terazzo \u2013 trwa\u0142a, designerska i unikalna. Dodaj charakteru swojej \u0142azience dzi\u0119ki stylowym akcesoriom z kamienia!","og_url":"https:\/\/kamienneblaty.pl\/sklep\/produkt\/mydelniczka-z-lastryko-terazzo\/","og_site_name":"Kamieniarstwo ABC Sklep","article_modified_time":"2025-05-31T10:31:51+00:00","og_image":[{"width":1600,"height":966,"url":"https:\/\/kamienneblaty.pl\/sklep\/wp-content\/uploads\/2021\/01\/mydelniczka-lastryko.jpeg","type":"image\/jpeg"}],"twitter_card":"summary_large_image","twitter_misc":{"Szacowany czas czytania":"1 minuta"},"schema":{"@context":"https:\/\/schema.org","@graph":[{"@type":"WebPage","@id":"https:\/\/kamienneblaty.pl\/sklep\/produkt\/mydelniczka-z-lastryko-terazzo\/","url":"https:\/\/kamienneblaty.pl\/sklep\/produkt\/mydelniczka-z-lastryko-terazzo\/","name":"Mydelniczka z lastryko Terazzo \u2013 stylowy dodatek do \u0142azienki","isPartOf":{"@id":"https:\/\/kamienneblaty.pl\/sklep\/#website"},"primaryImageOfPage":{"@id":"https:\/\/kamienneblaty.pl\/sklep\/produkt\/mydelniczka-z-lastryko-terazzo\/#primaryimage"},"image":{"@id":"https:\/\/kamienneblaty.pl\/sklep\/produkt\/mydelniczka-z-lastryko-terazzo\/#primaryimage"},"thumbnailUrl":"https:\/\/kamienneblaty.pl\/sklep\/wp-content\/uploads\/2021\/01\/mydelniczka-lastryko.jpeg","datePublished":"2021-01-08T06:08:58+00:00","dateModified":"2025-05-31T10:31:51+00:00","description":"Elegancka mydelniczka z lastryko Terazzo \u2013 trwa\u0142a, designerska i unikalna. Dodaj charakteru swojej \u0142azience dzi\u0119ki stylowym akcesoriom z kamienia!","breadcrumb":{"@id":"https:\/\/kamienneblaty.pl\/sklep\/produkt\/mydelniczka-z-lastryko-terazzo\/#breadcrumb"},"inLanguage":"pl-PL","potentialAction":[{"@type":"ReadAction","target":["https:\/\/kamienneblaty.pl\/sklep\/produkt\/mydelniczka-z-lastryko-terazzo\/"]}]},{"@type":"ImageObject","inLanguage":"pl-PL","@id":"https:\/\/kamienneblaty.pl\/sklep\/produkt\/mydelniczka-z-lastryko-terazzo\/#primaryimage","url":"https:\/\/kamienneblaty.pl\/sklep\/wp-content\/uploads\/2021\/01\/mydelniczka-lastryko.jpeg","contentUrl":"https:\/\/kamienneblaty.pl\/sklep\/wp-content\/uploads\/2021\/01\/mydelniczka-lastryko.jpeg","width":1600,"height":966},{"@type":"BreadcrumbList","@id":"https:\/\/kamienneblaty.pl\/sklep\/produkt\/mydelniczka-z-lastryko-terazzo\/#breadcrumb","itemListElement":[{"@type":"ListItem","position":1,"name":"Strona g\u0142\u00f3wna","item":"https:\/\/kamienneblaty.pl\/sklep\/"},{"@type":"ListItem","position":2,"name":"Kamieniarstwo ABC Sklep","item":"https:\/\/kamienneblaty.pl\/sklep\/"},{"@type":"ListItem","position":3,"name":"Mydelniczka z Lastryko Terazzo"}]},{"@type":"WebSite","@id":"https:\/\/kamienneblaty.pl\/sklep\/#website","url":"https:\/\/kamienneblaty.pl\/sklep\/","name":"Kamieniarstwo ABC Sklep","description":"R\u0119cznie tworzone produkty z kamienia, lastryko i konglomeratu","publisher":{"@id":"https:\/\/kamienneblaty.pl\/sklep\/#organization"},"potentialAction":[{"@type":"SearchAction","target":{"@type":"EntryPoint","urlTemplate":"https:\/\/kamienneblaty.pl\/sklep\/?s={search_term_string}"},"query-input":{"@type":"PropertyValueSpecification","valueRequired":true,"valueName":"search_term_string"}}],"inLanguage":"pl-PL"},{"@type":"Organization","@id":"https:\/\/kamienneblaty.pl\/sklep\/#organization","name":"Kamieniarstwo ABC","url":"https:\/\/kamienneblaty.pl\/sklep\/","logo":{"@type":"ImageObject","inLanguage":"pl-PL","@id":"https:\/\/kamienneblaty.pl\/sklep\/#\/schema\/logo\/image\/","url":"https:\/\/kamienneblaty.pl\/sklep\/wp-content\/uploads\/2021\/01\/Kamieniarstwo-ABC-1.png","contentUrl":"https:\/\/kamienneblaty.pl\/sklep\/wp-content\/uploads\/2021\/01\/Kamieniarstwo-ABC-1.png","width":481,"height":500,"caption":"Kamieniarstwo ABC"},"image":{"@id":"https:\/\/kamienneblaty.pl\/sklep\/#\/schema\/logo\/image\/"}}]}},"_links":{"self":[{"href":"https:\/\/kamienneblaty.pl\/sklep\/wp-json\/wp\/v2\/product\/3092","targetHints":{"allow":["GET"]}}],"collection":[{"href":"https:\/\/kamienneblaty.pl\/sklep\/wp-json\/wp\/v2\/product"}],"about":[{"href":"https:\/\/kamienneblaty.pl\/sklep\/wp-json\/wp\/v2\/types\/product"}],"wp:featuredmedia":[{"embeddable":true,"href":"https:\/\/kamienneblaty.pl\/sklep\/wp-json\/wp\/v2\/media\/3097"}],"wp:attachment":[{"href":"https:\/\/kamienneblaty.pl\/sklep\/wp-json\/wp\/v2\/media?parent=3092"}],"wp:term":[{"taxonomy":"product_brand","embeddable":true,"href":"https:\/\/kamienneblaty.pl\/sklep\/wp-json\/wp\/v2\/product_brand?post=3092"},{"taxonomy":"product_cat","embeddable":true,"href":"https:\/\/kamienneblaty.pl\/sklep\/wp-json\/wp\/v2\/product_cat?post=3092"},{"taxonomy":"product_tag","embeddable":true,"href":"https:\/\/kamienneblaty.pl\/sklep\/wp-json\/wp\/v2\/product_tag?post=3092"}],"curies":[{"name":"wp","href":"https:\/\/api.w.org\/{rel}","templated":true}]}}