{"id":3183,"date":"2021-08-18T13:52:37","date_gmt":"2021-08-18T13:52:37","guid":{"rendered":"https:\/\/kamienneblaty.pl\/sklep\/?post_type=product&#038;p=3183"},"modified":"2025-06-01T06:29:03","modified_gmt":"2025-06-01T06:29:03","slug":"pomiar-na-miejscu","status":"publish","type":"product","link":"https:\/\/kamienneblaty.pl\/sklep\/produkt\/pomiar-na-miejscu\/","title":{"rendered":"Pomiar na miejscu"},"content":{"rendered":"<p data-start=\"147\" data-end=\"719\">Precyzyjny pomiar to klucz do perfekcyjnego efektu zamontowanych blat\u00f3w kamiennych. Oferujemy profesjonaln\u0105 us\u0142ug\u0119 pomiaru na miejscu u klienta \u2013 bez wzgl\u0119du na stopie\u0144 skomplikowania zabudowy.<\/p>\n<p data-start=\"147\" data-end=\"719\">Us\u0142uga polega na dok\u0142adnym sprawdzeniu wymiar\u00f3w i wszelkich detali niezb\u0119dnych do idealnego wyci\u0119cia blat\u00f3w ze spieku, konglomeratu lub kamienia naturalnego.<\/p>\n<p>Posiadaj\u0105c dok\u0142adne wymiary, mo\u017cesz zleci\u0107 realizacj\u0119 blat\u00f3w komu\u015b innemu.<strong> Je\u015bli jednak wybierzesz nasz\u0105 firm\u0119 do wyci\u0119cia i monta\u017cu blat\u00f3w, cena pomiaru zostanie odj\u0119ta od ca\u0142kowitej ceny realizacji<\/strong>.<\/p>\n<p>WA\u017bNE: Przed op\u0142aceniem pomiaru, podaj dok\u0142adny adres w polu \u201cINFORMACJE DODATKOWE\u201d.<\/p>\n<p><strong>Czas realizacji pomiaru: 7 dni roboczych, licz\u0105c od dnia op\u0142acenia zam\u00f3wienia.<\/strong><\/p>\n","protected":false},"excerpt":{"rendered":"<p>Precyzyjny pomiar to klucz do perfekcyjnego efektu zamontowanych blat\u00f3w kamiennych. Oferujemy profesjonaln\u0105 us\u0142ug\u0119 pomiaru na miejscu u klienta \u2013 bez wzgl\u0119du na stopie\u0144 skomplikowania zabudowy. Us\u0142uga polega na dok\u0142adnym sprawdzeniu wymiar\u00f3w i wszelkich detali niezb\u0119dnych do idealnego wyci\u0119cia blat\u00f3w ze spieku, konglomeratu lub kamienia naturalnego. Posiadaj\u0105c dok\u0142adne wymiary, mo\u017cesz zleci\u0107 realizacj\u0119 blat\u00f3w komu\u015b innemu. Je\u015bli [&hellip;]<\/p>\n","protected":false},"featured_media":3200,"template":"","meta":[],"product_brand":[],"product_cat":[110],"product_tag":[174,175,177,170,106,107,172,173,176,171,178],"class_list":{"0":"post-3183","1":"product","2":"type-product","3":"status-publish","4":"has-post-thumbnail","6":"product_cat-uslugi","7":"product_tag-blaty-kuchenne-na-wymiar","8":"product_tag-blaty-lazienkowe-na-wymiar","9":"product_tag-montaz-blatow-kamiennych","10":"product_tag-pomiar-blatow","11":"product_tag-pomiar-kuchni","12":"product_tag-pomiar-lazienki","13":"product_tag-pomiar-na-miejscu","14":"product_tag-pomiar-pod-blaty-kamienne","15":"product_tag-pomiar-spiek","16":"product_tag-usluga-pomiaru","17":"product_tag-uslugi-kamieniarskie","19":"first","20":"instock","21":"sold-individually","22":"taxable","23":"shipping-taxable","24":"purchasable","25":"product-type-variable"},"yoast_head":"<!-- This site is optimized with the Yoast SEO plugin v27.3 - https:\/\/yoast.com\/product\/yoast-seo-wordpress\/ -->\n<title>Pomiar kuchni i \u0142azienki pod blaty kamienne \u2013 us\u0142uga z dojazdem<\/title>\n<meta name=\"description\" content=\"Zam\u00f3w profesjonalny pomiar kuchni lub \u0142azienki pod blaty kamienne. Gwarancja precyzji, szybka realizacja, fachowe doradztwo i dojazd do klienta!\" \/>\n<meta name=\"robots\" content=\"index, follow, max-snippet:-1, max-image-preview:large, max-video-preview:-1\" \/>\n<link rel=\"canonical\" href=\"https:\/\/kamienneblaty.pl\/sklep\/produkt\/pomiar-na-miejscu\/\" \/>\n<meta property=\"og:locale\" content=\"pl_PL\" \/>\n<meta property=\"og:type\" content=\"article\" \/>\n<meta property=\"og:title\" content=\"Pomiar kuchni i \u0142azienki pod blaty kamienne \u2013 us\u0142uga z dojazdem\" \/>\n<meta property=\"og:description\" content=\"Zam\u00f3w profesjonalny pomiar kuchni lub \u0142azienki pod blaty kamienne. Gwarancja precyzji, szybka realizacja, fachowe doradztwo i dojazd do klienta!\" \/>\n<meta property=\"og:url\" content=\"https:\/\/kamienneblaty.pl\/sklep\/produkt\/pomiar-na-miejscu\/\" \/>\n<meta property=\"og:site_name\" content=\"Kamieniarstwo ABC Sklep\" \/>\n<meta property=\"article:modified_time\" content=\"2025-06-01T06:29:03+00:00\" \/>\n<meta property=\"og:image\" content=\"https:\/\/kamienneblaty.pl\/sklep\/wp-content\/uploads\/2021\/08\/pomiar.jpeg\" \/>\n\t<meta property=\"og:image:width\" content=\"820\" \/>\n\t<meta property=\"og:image:height\" content=\"459\" \/>\n\t<meta property=\"og:image:type\" content=\"image\/jpeg\" \/>\n<meta name=\"twitter:card\" content=\"summary_large_image\" \/>\n<meta name=\"twitter:label1\" content=\"Szacowany czas czytania\" \/>\n\t<meta name=\"twitter:data1\" content=\"1 minuta\" \/>\n<script type=\"application\/ld+json\" class=\"yoast-schema-graph\">{\"@context\":\"https:\\\/\\\/schema.org\",\"@graph\":[{\"@type\":\"WebPage\",\"@id\":\"https:\\\/\\\/kamienneblaty.pl\\\/sklep\\\/produkt\\\/pomiar-na-miejscu\\\/\",\"url\":\"https:\\\/\\\/kamienneblaty.pl\\\/sklep\\\/produkt\\\/pomiar-na-miejscu\\\/\",\"name\":\"Pomiar kuchni i \u0142azienki pod blaty kamienne \u2013 us\u0142uga z dojazdem\",\"isPartOf\":{\"@id\":\"https:\\\/\\\/kamienneblaty.pl\\\/sklep\\\/#website\"},\"primaryImageOfPage\":{\"@id\":\"https:\\\/\\\/kamienneblaty.pl\\\/sklep\\\/produkt\\\/pomiar-na-miejscu\\\/#primaryimage\"},\"image\":{\"@id\":\"https:\\\/\\\/kamienneblaty.pl\\\/sklep\\\/produkt\\\/pomiar-na-miejscu\\\/#primaryimage\"},\"thumbnailUrl\":\"https:\\\/\\\/kamienneblaty.pl\\\/sklep\\\/wp-content\\\/uploads\\\/2021\\\/08\\\/pomiar.jpeg\",\"datePublished\":\"2021-08-18T13:52:37+00:00\",\"dateModified\":\"2025-06-01T06:29:03+00:00\",\"description\":\"Zam\u00f3w profesjonalny pomiar kuchni lub \u0142azienki pod blaty kamienne. Gwarancja precyzji, szybka realizacja, fachowe doradztwo i dojazd do klienta!\",\"breadcrumb\":{\"@id\":\"https:\\\/\\\/kamienneblaty.pl\\\/sklep\\\/produkt\\\/pomiar-na-miejscu\\\/#breadcrumb\"},\"inLanguage\":\"pl-PL\",\"potentialAction\":[{\"@type\":\"ReadAction\",\"target\":[\"https:\\\/\\\/kamienneblaty.pl\\\/sklep\\\/produkt\\\/pomiar-na-miejscu\\\/\"]}]},{\"@type\":\"ImageObject\",\"inLanguage\":\"pl-PL\",\"@id\":\"https:\\\/\\\/kamienneblaty.pl\\\/sklep\\\/produkt\\\/pomiar-na-miejscu\\\/#primaryimage\",\"url\":\"https:\\\/\\\/kamienneblaty.pl\\\/sklep\\\/wp-content\\\/uploads\\\/2021\\\/08\\\/pomiar.jpeg\",\"contentUrl\":\"https:\\\/\\\/kamienneblaty.pl\\\/sklep\\\/wp-content\\\/uploads\\\/2021\\\/08\\\/pomiar.jpeg\",\"width\":820,\"height\":459},{\"@type\":\"BreadcrumbList\",\"@id\":\"https:\\\/\\\/kamienneblaty.pl\\\/sklep\\\/produkt\\\/pomiar-na-miejscu\\\/#breadcrumb\",\"itemListElement\":[{\"@type\":\"ListItem\",\"position\":1,\"name\":\"Strona g\u0142\u00f3wna\",\"item\":\"https:\\\/\\\/kamienneblaty.pl\\\/sklep\\\/\"},{\"@type\":\"ListItem\",\"position\":2,\"name\":\"Kamieniarstwo ABC Sklep\",\"item\":\"https:\\\/\\\/kamienneblaty.pl\\\/sklep\\\/\"},{\"@type\":\"ListItem\",\"position\":3,\"name\":\"Pomiar na miejscu\"}]},{\"@type\":\"WebSite\",\"@id\":\"https:\\\/\\\/kamienneblaty.pl\\\/sklep\\\/#website\",\"url\":\"https:\\\/\\\/kamienneblaty.pl\\\/sklep\\\/\",\"name\":\"Kamieniarstwo ABC Sklep\",\"description\":\"R\u0119cznie tworzone produkty z kamienia, lastryko i konglomeratu\",\"publisher\":{\"@id\":\"https:\\\/\\\/kamienneblaty.pl\\\/sklep\\\/#organization\"},\"potentialAction\":[{\"@type\":\"SearchAction\",\"target\":{\"@type\":\"EntryPoint\",\"urlTemplate\":\"https:\\\/\\\/kamienneblaty.pl\\\/sklep\\\/?s={search_term_string}\"},\"query-input\":{\"@type\":\"PropertyValueSpecification\",\"valueRequired\":true,\"valueName\":\"search_term_string\"}}],\"inLanguage\":\"pl-PL\"},{\"@type\":\"Organization\",\"@id\":\"https:\\\/\\\/kamienneblaty.pl\\\/sklep\\\/#organization\",\"name\":\"Kamieniarstwo ABC\",\"url\":\"https:\\\/\\\/kamienneblaty.pl\\\/sklep\\\/\",\"logo\":{\"@type\":\"ImageObject\",\"inLanguage\":\"pl-PL\",\"@id\":\"https:\\\/\\\/kamienneblaty.pl\\\/sklep\\\/#\\\/schema\\\/logo\\\/image\\\/\",\"url\":\"https:\\\/\\\/kamienneblaty.pl\\\/sklep\\\/wp-content\\\/uploads\\\/2021\\\/01\\\/Kamieniarstwo-ABC-1.png\",\"contentUrl\":\"https:\\\/\\\/kamienneblaty.pl\\\/sklep\\\/wp-content\\\/uploads\\\/2021\\\/01\\\/Kamieniarstwo-ABC-1.png\",\"width\":481,\"height\":500,\"caption\":\"Kamieniarstwo ABC\"},\"image\":{\"@id\":\"https:\\\/\\\/kamienneblaty.pl\\\/sklep\\\/#\\\/schema\\\/logo\\\/image\\\/\"}}]}<\/script>\n<!-- \/ Yoast SEO plugin. -->","yoast_head_json":{"title":"Pomiar kuchni i \u0142azienki pod blaty kamienne \u2013 us\u0142uga z dojazdem","description":"Zam\u00f3w profesjonalny pomiar kuchni lub \u0142azienki pod blaty kamienne. Gwarancja precyzji, szybka realizacja, fachowe doradztwo i dojazd do klienta!","robots":{"index":"index","follow":"follow","max-snippet":"max-snippet:-1","max-image-preview":"max-image-preview:large","max-video-preview":"max-video-preview:-1"},"canonical":"https:\/\/kamienneblaty.pl\/sklep\/produkt\/pomiar-na-miejscu\/","og_locale":"pl_PL","og_type":"article","og_title":"Pomiar kuchni i \u0142azienki pod blaty kamienne \u2013 us\u0142uga z dojazdem","og_description":"Zam\u00f3w profesjonalny pomiar kuchni lub \u0142azienki pod blaty kamienne. Gwarancja precyzji, szybka realizacja, fachowe doradztwo i dojazd do klienta!","og_url":"https:\/\/kamienneblaty.pl\/sklep\/produkt\/pomiar-na-miejscu\/","og_site_name":"Kamieniarstwo ABC Sklep","article_modified_time":"2025-06-01T06:29:03+00:00","og_image":[{"width":820,"height":459,"url":"https:\/\/kamienneblaty.pl\/sklep\/wp-content\/uploads\/2021\/08\/pomiar.jpeg","type":"image\/jpeg"}],"twitter_card":"summary_large_image","twitter_misc":{"Szacowany czas czytania":"1 minuta"},"schema":{"@context":"https:\/\/schema.org","@graph":[{"@type":"WebPage","@id":"https:\/\/kamienneblaty.pl\/sklep\/produkt\/pomiar-na-miejscu\/","url":"https:\/\/kamienneblaty.pl\/sklep\/produkt\/pomiar-na-miejscu\/","name":"Pomiar kuchni i \u0142azienki pod blaty kamienne \u2013 us\u0142uga z dojazdem","isPartOf":{"@id":"https:\/\/kamienneblaty.pl\/sklep\/#website"},"primaryImageOfPage":{"@id":"https:\/\/kamienneblaty.pl\/sklep\/produkt\/pomiar-na-miejscu\/#primaryimage"},"image":{"@id":"https:\/\/kamienneblaty.pl\/sklep\/produkt\/pomiar-na-miejscu\/#primaryimage"},"thumbnailUrl":"https:\/\/kamienneblaty.pl\/sklep\/wp-content\/uploads\/2021\/08\/pomiar.jpeg","datePublished":"2021-08-18T13:52:37+00:00","dateModified":"2025-06-01T06:29:03+00:00","description":"Zam\u00f3w profesjonalny pomiar kuchni lub \u0142azienki pod blaty kamienne. Gwarancja precyzji, szybka realizacja, fachowe doradztwo i dojazd do klienta!","breadcrumb":{"@id":"https:\/\/kamienneblaty.pl\/sklep\/produkt\/pomiar-na-miejscu\/#breadcrumb"},"inLanguage":"pl-PL","potentialAction":[{"@type":"ReadAction","target":["https:\/\/kamienneblaty.pl\/sklep\/produkt\/pomiar-na-miejscu\/"]}]},{"@type":"ImageObject","inLanguage":"pl-PL","@id":"https:\/\/kamienneblaty.pl\/sklep\/produkt\/pomiar-na-miejscu\/#primaryimage","url":"https:\/\/kamienneblaty.pl\/sklep\/wp-content\/uploads\/2021\/08\/pomiar.jpeg","contentUrl":"https:\/\/kamienneblaty.pl\/sklep\/wp-content\/uploads\/2021\/08\/pomiar.jpeg","width":820,"height":459},{"@type":"BreadcrumbList","@id":"https:\/\/kamienneblaty.pl\/sklep\/produkt\/pomiar-na-miejscu\/#breadcrumb","itemListElement":[{"@type":"ListItem","position":1,"name":"Strona g\u0142\u00f3wna","item":"https:\/\/kamienneblaty.pl\/sklep\/"},{"@type":"ListItem","position":2,"name":"Kamieniarstwo ABC Sklep","item":"https:\/\/kamienneblaty.pl\/sklep\/"},{"@type":"ListItem","position":3,"name":"Pomiar na miejscu"}]},{"@type":"WebSite","@id":"https:\/\/kamienneblaty.pl\/sklep\/#website","url":"https:\/\/kamienneblaty.pl\/sklep\/","name":"Kamieniarstwo ABC Sklep","description":"R\u0119cznie tworzone produkty z kamienia, lastryko i konglomeratu","publisher":{"@id":"https:\/\/kamienneblaty.pl\/sklep\/#organization"},"potentialAction":[{"@type":"SearchAction","target":{"@type":"EntryPoint","urlTemplate":"https:\/\/kamienneblaty.pl\/sklep\/?s={search_term_string}"},"query-input":{"@type":"PropertyValueSpecification","valueRequired":true,"valueName":"search_term_string"}}],"inLanguage":"pl-PL"},{"@type":"Organization","@id":"https:\/\/kamienneblaty.pl\/sklep\/#organization","name":"Kamieniarstwo ABC","url":"https:\/\/kamienneblaty.pl\/sklep\/","logo":{"@type":"ImageObject","inLanguage":"pl-PL","@id":"https:\/\/kamienneblaty.pl\/sklep\/#\/schema\/logo\/image\/","url":"https:\/\/kamienneblaty.pl\/sklep\/wp-content\/uploads\/2021\/01\/Kamieniarstwo-ABC-1.png","contentUrl":"https:\/\/kamienneblaty.pl\/sklep\/wp-content\/uploads\/2021\/01\/Kamieniarstwo-ABC-1.png","width":481,"height":500,"caption":"Kamieniarstwo ABC"},"image":{"@id":"https:\/\/kamienneblaty.pl\/sklep\/#\/schema\/logo\/image\/"}}]}},"_links":{"self":[{"href":"https:\/\/kamienneblaty.pl\/sklep\/wp-json\/wp\/v2\/product\/3183","targetHints":{"allow":["GET"]}}],"collection":[{"href":"https:\/\/kamienneblaty.pl\/sklep\/wp-json\/wp\/v2\/product"}],"about":[{"href":"https:\/\/kamienneblaty.pl\/sklep\/wp-json\/wp\/v2\/types\/product"}],"wp:featuredmedia":[{"embeddable":true,"href":"https:\/\/kamienneblaty.pl\/sklep\/wp-json\/wp\/v2\/media\/3200"}],"wp:attachment":[{"href":"https:\/\/kamienneblaty.pl\/sklep\/wp-json\/wp\/v2\/media?parent=3183"}],"wp:term":[{"taxonomy":"product_brand","embeddable":true,"href":"https:\/\/kamienneblaty.pl\/sklep\/wp-json\/wp\/v2\/product_brand?post=3183"},{"taxonomy":"product_cat","embeddable":true,"href":"https:\/\/kamienneblaty.pl\/sklep\/wp-json\/wp\/v2\/product_cat?post=3183"},{"taxonomy":"product_tag","embeddable":true,"href":"https:\/\/kamienneblaty.pl\/sklep\/wp-json\/wp\/v2\/product_tag?post=3183"}],"curies":[{"name":"wp","href":"https:\/\/api.w.org\/{rel}","templated":true}]}}