{"id":3441,"date":"2025-05-31T07:19:56","date_gmt":"2025-05-31T07:19:56","guid":{"rendered":"https:\/\/kamienneblaty.pl\/sklep\/?post_type=product&#038;p=3441"},"modified":"2025-05-31T10:25:30","modified_gmt":"2025-05-31T10:25:30","slug":"stolik-kawowy-z-konglomeratu-calacatta-ajaccio-luksusowy-design-i-trwalosc","status":"publish","type":"product","link":"https:\/\/kamienneblaty.pl\/sklep\/produkt\/stolik-kawowy-z-konglomeratu-calacatta-ajaccio-luksusowy-design-i-trwalosc\/","title":{"rendered":"Stolik kawowy z konglomeratu Calacatta Ajaccio \u2013 luksusowy design i trwa\u0142o\u015b\u0107"},"content":{"rendered":"<p data-start=\"415\" data-end=\"676\">Wprowad\u017a do swojego wn\u0119trza element luksusu, kt\u00f3ry przyci\u0105ga wzrok i zachwyca detalem. Stolik kawowy wykonany z konglomeratu kwarcowego <strong data-start=\"551\" data-end=\"572\">Calacatta Ajaccio<\/strong> to po\u0142\u0105czenie eleganckiego wzoru inspirowanego marmurem z wyj\u0105tkow\u0105 trwa\u0142o\u015bci\u0105 i odporno\u015bci\u0105 materia\u0142u.<\/p>\n<p data-start=\"678\" data-end=\"722\">Zaprojektowany z dba\u0142o\u015bci\u0105 o ka\u017cdy szczeg\u00f3\u0142:<\/p>\n<ul data-start=\"723\" data-end=\"1068\">\n<li data-start=\"723\" data-end=\"826\">\n<p data-start=\"725\" data-end=\"826\"><strong data-start=\"725\" data-end=\"770\">P\u0142yta g\u00f3rna i boki wycinane pod k\u0105tem 45\u00b0<\/strong>, co pozwoli\u0142o uzyska\u0107 efekt jednolitego bloku kamienia,<\/p>\n<\/li>\n<li data-start=\"827\" data-end=\"904\">\n<p data-start=\"829\" data-end=\"904\"><strong data-start=\"829\" data-end=\"856\">Kontynuacja rysunku \u017cy\u0142<\/strong> na blacie i bokach \u2013 pe\u0142na sp\u00f3jno\u015b\u0107 estetyczna,<\/p>\n<\/li>\n<li data-start=\"905\" data-end=\"1001\">\n<p data-start=\"907\" data-end=\"1001\"><strong data-start=\"907\" data-end=\"935\">Efekt lewituj\u0105cego mebla<\/strong> \u2013 dzi\u0119ki ukrytej konstrukcji stolik zdaje si\u0119 unosi\u0107 nad pod\u0142og\u0105,<\/p>\n<\/li>\n<li data-start=\"1002\" data-end=\"1068\">\n<p data-start=\"1004\" data-end=\"1068\">Idealny do nowoczesnych, minimalistycznych i luksusowych wn\u0119trz.<\/p>\n<\/li>\n<\/ul>\n<p data-start=\"1070\" data-end=\"1253\">Konglomerat Calacatta Ajaccio \u0142\u0105czy pi\u0119kno naturalnego kamienia z odporno\u015bci\u0105 na zarysowania, plamy i wysokie temperatury. To nie tylko mebel \u2013 to wyraz stylu i inwestycja w trwa\u0142o\u015b\u0107.<\/p>\n<p data-start=\"1255\" data-end=\"1320\"><strong>WA\u017bNE: <\/strong><\/p>\n<p data-start=\"1255\" data-end=\"1320\"><strong>#1. <\/strong>Cena dotyczy stolika wykonanego z dok\u0142adnie tego materia\u0142u. Je\u015bli chcesz zam\u00f3wi\u0107 taki produkt ale z innego kamienia, musisz si\u0119 z nami skontaktowa\u0107, poniewa\u017c ceny materia\u0142\u00f3w s\u0105 r\u00f3\u017cne a co za tym idzie cena finalnego produktu te\u017c mo\u017ce by\u0107 inna.<\/p>\n<p data-start=\"1255\" data-end=\"1320\"><strong>#2. <\/strong>Zamawiaj\u0105c ten produkt, otrzymasz stolik o wymiarach: 85cm(d\u0142ugo\u015b\u0107) x 85cm (szeroko\u015b\u0107) x 27cm (wysoko\u015b\u0107). Je\u015bli potrzebujesz stolika o innych wymiarach, r\u00f3wnie\u017c musisz si\u0119 z nami skontaktowa\u0107 aby\u015bmy mogli poda\u0107 w\u0142a\u015bciw\u0105 dla wymiar\u00f3w cen\u0119.<\/p>\n<p data-start=\"1255\" data-end=\"1320\"><strong>#3. <\/strong>Czas na realizacj\u0119 zam\u00f3wienia to 20 dni roboczych od zaksi\u0119gowania p\u0142atno\u015bci.<\/p>\n<p data-start=\"1255\" data-end=\"1320\">Kontakt:\u00a0\ud83d\udce9 <a href=\"mailto:biuro@kamieniarstwo-abc.pl\"><strong>biuro@kamieniarstwo-abc.pl<\/strong><\/a> \u260e\ufe0f <a href=\"tel:+48508162099\"><strong>508 162 099<\/strong><\/a><\/p>\n","protected":false},"excerpt":{"rendered":"<p>Wprowad\u017a do swojego wn\u0119trza element luksusu, kt\u00f3ry przyci\u0105ga wzrok i zachwyca detalem. Stolik kawowy wykonany z konglomeratu kwarcowego Calacatta Ajaccio to po\u0142\u0105czenie eleganckiego wzoru inspirowanego marmurem z wyj\u0105tkow\u0105 trwa\u0142o\u015bci\u0105 i odporno\u015bci\u0105 materia\u0142u. Zaprojektowany z dba\u0142o\u015bci\u0105 o ka\u017cdy szczeg\u00f3\u0142: P\u0142yta g\u00f3rna i boki wycinane pod k\u0105tem 45\u00b0, co pozwoli\u0142o uzyska\u0107 efekt jednolitego bloku kamienia, Kontynuacja rysunku [&hellip;]<\/p>\n","protected":false},"featured_media":3444,"template":"","meta":[],"product_brand":[],"product_cat":[138,15],"product_tag":[141,149,154,156,150,145,148,143,146,144,157,158,139,153,147,155,151,142,140,152],"class_list":{"0":"post-3441","1":"product","2":"type-product","3":"status-publish","4":"has-post-thumbnail","6":"product_cat-salon","7":"product_cat-wszystkie","8":"product_tag-calacatta-ajaccio","9":"product_tag-design-wnetrz","10":"product_tag-elegancki-stolik","11":"product_tag-kamienne-meble","12":"product_tag-konglomerat-kwarcowy","13":"product_tag-luksusowy-stolik-kawowy","14":"product_tag-meble-premium","15":"product_tag-meble-z-kamienia","16":"product_tag-nowoczesny-stolik","17":"product_tag-stolik-do-salonu","18":"product_tag-stolik-do-wnetrz-nowoczesnych","19":"product_tag-stolik-glamour","20":"product_tag-stolik-kawowy","21":"product_tag-stolik-lewitujacy","22":"product_tag-stolik-monolit","23":"product_tag-stolik-na-zamowienie","24":"product_tag-stolik-z-cieciem-45-stopni","25":"product_tag-stolik-z-kamienia","26":"product_tag-stolik-z-konglomeratu","27":"product_tag-stolik-z-zylka","29":"first","30":"onbackorder","31":"taxable","32":"shipping-taxable","33":"purchasable","34":"product-type-simple"},"yoast_head":"<!-- This site is optimized with the Yoast SEO plugin v27.3 - https:\/\/yoast.com\/product\/yoast-seo-wordpress\/ -->\n<title>Stolik kawowy z konglomeratu Calacatta Ajaccio<\/title>\n<meta name=\"description\" content=\"Nowoczesny stolik kawowy z konglomeratu Calacatta Ajaccio. Efekt monolitu, kontynuacja wzoru \u017cy\u0142, eleganckie wyko\u0144czenie 45\u00b0. Idealny do stylowych wn\u0119trz.\" \/>\n<meta name=\"robots\" content=\"index, follow, max-snippet:-1, max-image-preview:large, max-video-preview:-1\" \/>\n<link rel=\"canonical\" href=\"https:\/\/kamienneblaty.pl\/sklep\/produkt\/stolik-kawowy-z-konglomeratu-calacatta-ajaccio-luksusowy-design-i-trwalosc\/\" \/>\n<meta property=\"og:locale\" content=\"pl_PL\" \/>\n<meta property=\"og:type\" content=\"article\" \/>\n<meta property=\"og:title\" content=\"Stolik kawowy z konglomeratu Calacatta Ajaccio\" \/>\n<meta property=\"og:description\" content=\"Nowoczesny stolik kawowy z konglomeratu Calacatta Ajaccio. Efekt monolitu, kontynuacja wzoru \u017cy\u0142, eleganckie wyko\u0144czenie 45\u00b0. Idealny do stylowych wn\u0119trz.\" \/>\n<meta property=\"og:url\" content=\"https:\/\/kamienneblaty.pl\/sklep\/produkt\/stolik-kawowy-z-konglomeratu-calacatta-ajaccio-luksusowy-design-i-trwalosc\/\" \/>\n<meta property=\"og:site_name\" content=\"Kamieniarstwo ABC Sklep\" \/>\n<meta property=\"article:modified_time\" content=\"2025-05-31T10:25:30+00:00\" \/>\n<meta property=\"og:image\" content=\"https:\/\/kamienneblaty.pl\/sklep\/wp-content\/uploads\/2025\/05\/stolik-kawowy-z-konglomeratu-calacatta-ajaccio-3-scaled.jpg\" \/>\n\t<meta property=\"og:image:width\" content=\"2560\" \/>\n\t<meta property=\"og:image:height\" content=\"1920\" \/>\n\t<meta property=\"og:image:type\" content=\"image\/jpeg\" \/>\n<meta name=\"twitter:card\" content=\"summary_large_image\" \/>\n<meta name=\"twitter:label1\" content=\"Szacowany czas czytania\" \/>\n\t<meta name=\"twitter:data1\" content=\"2 minuty\" \/>\n<script type=\"application\/ld+json\" class=\"yoast-schema-graph\">{\"@context\":\"https:\\\/\\\/schema.org\",\"@graph\":[{\"@type\":\"WebPage\",\"@id\":\"https:\\\/\\\/kamienneblaty.pl\\\/sklep\\\/produkt\\\/stolik-kawowy-z-konglomeratu-calacatta-ajaccio-luksusowy-design-i-trwalosc\\\/\",\"url\":\"https:\\\/\\\/kamienneblaty.pl\\\/sklep\\\/produkt\\\/stolik-kawowy-z-konglomeratu-calacatta-ajaccio-luksusowy-design-i-trwalosc\\\/\",\"name\":\"Stolik kawowy z konglomeratu Calacatta Ajaccio\",\"isPartOf\":{\"@id\":\"https:\\\/\\\/kamienneblaty.pl\\\/sklep\\\/#website\"},\"primaryImageOfPage\":{\"@id\":\"https:\\\/\\\/kamienneblaty.pl\\\/sklep\\\/produkt\\\/stolik-kawowy-z-konglomeratu-calacatta-ajaccio-luksusowy-design-i-trwalosc\\\/#primaryimage\"},\"image\":{\"@id\":\"https:\\\/\\\/kamienneblaty.pl\\\/sklep\\\/produkt\\\/stolik-kawowy-z-konglomeratu-calacatta-ajaccio-luksusowy-design-i-trwalosc\\\/#primaryimage\"},\"thumbnailUrl\":\"https:\\\/\\\/kamienneblaty.pl\\\/sklep\\\/wp-content\\\/uploads\\\/2025\\\/05\\\/stolik-kawowy-z-konglomeratu-calacatta-ajaccio-3-scaled.jpg\",\"datePublished\":\"2025-05-31T07:19:56+00:00\",\"dateModified\":\"2025-05-31T10:25:30+00:00\",\"description\":\"Nowoczesny stolik kawowy z konglomeratu Calacatta Ajaccio. Efekt monolitu, kontynuacja wzoru \u017cy\u0142, eleganckie wyko\u0144czenie 45\u00b0. Idealny do stylowych wn\u0119trz.\",\"breadcrumb\":{\"@id\":\"https:\\\/\\\/kamienneblaty.pl\\\/sklep\\\/produkt\\\/stolik-kawowy-z-konglomeratu-calacatta-ajaccio-luksusowy-design-i-trwalosc\\\/#breadcrumb\"},\"inLanguage\":\"pl-PL\",\"potentialAction\":[{\"@type\":\"ReadAction\",\"target\":[\"https:\\\/\\\/kamienneblaty.pl\\\/sklep\\\/produkt\\\/stolik-kawowy-z-konglomeratu-calacatta-ajaccio-luksusowy-design-i-trwalosc\\\/\"]}]},{\"@type\":\"ImageObject\",\"inLanguage\":\"pl-PL\",\"@id\":\"https:\\\/\\\/kamienneblaty.pl\\\/sklep\\\/produkt\\\/stolik-kawowy-z-konglomeratu-calacatta-ajaccio-luksusowy-design-i-trwalosc\\\/#primaryimage\",\"url\":\"https:\\\/\\\/kamienneblaty.pl\\\/sklep\\\/wp-content\\\/uploads\\\/2025\\\/05\\\/stolik-kawowy-z-konglomeratu-calacatta-ajaccio-3-scaled.jpg\",\"contentUrl\":\"https:\\\/\\\/kamienneblaty.pl\\\/sklep\\\/wp-content\\\/uploads\\\/2025\\\/05\\\/stolik-kawowy-z-konglomeratu-calacatta-ajaccio-3-scaled.jpg\",\"width\":2560,\"height\":1920,\"caption\":\"Stolik kawowy z konglomeratu kwarcowego Calacatta Ajaccio\"},{\"@type\":\"BreadcrumbList\",\"@id\":\"https:\\\/\\\/kamienneblaty.pl\\\/sklep\\\/produkt\\\/stolik-kawowy-z-konglomeratu-calacatta-ajaccio-luksusowy-design-i-trwalosc\\\/#breadcrumb\",\"itemListElement\":[{\"@type\":\"ListItem\",\"position\":1,\"name\":\"Strona g\u0142\u00f3wna\",\"item\":\"https:\\\/\\\/kamienneblaty.pl\\\/sklep\\\/\"},{\"@type\":\"ListItem\",\"position\":2,\"name\":\"Kamieniarstwo ABC Sklep\",\"item\":\"https:\\\/\\\/kamienneblaty.pl\\\/sklep\\\/\"},{\"@type\":\"ListItem\",\"position\":3,\"name\":\"Stolik kawowy z konglomeratu Calacatta Ajaccio \u2013 luksusowy design i trwa\u0142o\u015b\u0107\"}]},{\"@type\":\"WebSite\",\"@id\":\"https:\\\/\\\/kamienneblaty.pl\\\/sklep\\\/#website\",\"url\":\"https:\\\/\\\/kamienneblaty.pl\\\/sklep\\\/\",\"name\":\"Kamieniarstwo ABC Sklep\",\"description\":\"R\u0119cznie tworzone produkty z kamienia, lastryko i konglomeratu\",\"publisher\":{\"@id\":\"https:\\\/\\\/kamienneblaty.pl\\\/sklep\\\/#organization\"},\"potentialAction\":[{\"@type\":\"SearchAction\",\"target\":{\"@type\":\"EntryPoint\",\"urlTemplate\":\"https:\\\/\\\/kamienneblaty.pl\\\/sklep\\\/?s={search_term_string}\"},\"query-input\":{\"@type\":\"PropertyValueSpecification\",\"valueRequired\":true,\"valueName\":\"search_term_string\"}}],\"inLanguage\":\"pl-PL\"},{\"@type\":\"Organization\",\"@id\":\"https:\\\/\\\/kamienneblaty.pl\\\/sklep\\\/#organization\",\"name\":\"Kamieniarstwo ABC\",\"url\":\"https:\\\/\\\/kamienneblaty.pl\\\/sklep\\\/\",\"logo\":{\"@type\":\"ImageObject\",\"inLanguage\":\"pl-PL\",\"@id\":\"https:\\\/\\\/kamienneblaty.pl\\\/sklep\\\/#\\\/schema\\\/logo\\\/image\\\/\",\"url\":\"https:\\\/\\\/kamienneblaty.pl\\\/sklep\\\/wp-content\\\/uploads\\\/2021\\\/01\\\/Kamieniarstwo-ABC-1.png\",\"contentUrl\":\"https:\\\/\\\/kamienneblaty.pl\\\/sklep\\\/wp-content\\\/uploads\\\/2021\\\/01\\\/Kamieniarstwo-ABC-1.png\",\"width\":481,\"height\":500,\"caption\":\"Kamieniarstwo ABC\"},\"image\":{\"@id\":\"https:\\\/\\\/kamienneblaty.pl\\\/sklep\\\/#\\\/schema\\\/logo\\\/image\\\/\"}}]}<\/script>\n<!-- \/ Yoast SEO plugin. -->","yoast_head_json":{"title":"Stolik kawowy z konglomeratu Calacatta Ajaccio","description":"Nowoczesny stolik kawowy z konglomeratu Calacatta Ajaccio. Efekt monolitu, kontynuacja wzoru \u017cy\u0142, eleganckie wyko\u0144czenie 45\u00b0. Idealny do stylowych wn\u0119trz.","robots":{"index":"index","follow":"follow","max-snippet":"max-snippet:-1","max-image-preview":"max-image-preview:large","max-video-preview":"max-video-preview:-1"},"canonical":"https:\/\/kamienneblaty.pl\/sklep\/produkt\/stolik-kawowy-z-konglomeratu-calacatta-ajaccio-luksusowy-design-i-trwalosc\/","og_locale":"pl_PL","og_type":"article","og_title":"Stolik kawowy z konglomeratu Calacatta Ajaccio","og_description":"Nowoczesny stolik kawowy z konglomeratu Calacatta Ajaccio. Efekt monolitu, kontynuacja wzoru \u017cy\u0142, eleganckie wyko\u0144czenie 45\u00b0. Idealny do stylowych wn\u0119trz.","og_url":"https:\/\/kamienneblaty.pl\/sklep\/produkt\/stolik-kawowy-z-konglomeratu-calacatta-ajaccio-luksusowy-design-i-trwalosc\/","og_site_name":"Kamieniarstwo ABC Sklep","article_modified_time":"2025-05-31T10:25:30+00:00","og_image":[{"width":2560,"height":1920,"url":"https:\/\/kamienneblaty.pl\/sklep\/wp-content\/uploads\/2025\/05\/stolik-kawowy-z-konglomeratu-calacatta-ajaccio-3-scaled.jpg","type":"image\/jpeg"}],"twitter_card":"summary_large_image","twitter_misc":{"Szacowany czas czytania":"2 minuty"},"schema":{"@context":"https:\/\/schema.org","@graph":[{"@type":"WebPage","@id":"https:\/\/kamienneblaty.pl\/sklep\/produkt\/stolik-kawowy-z-konglomeratu-calacatta-ajaccio-luksusowy-design-i-trwalosc\/","url":"https:\/\/kamienneblaty.pl\/sklep\/produkt\/stolik-kawowy-z-konglomeratu-calacatta-ajaccio-luksusowy-design-i-trwalosc\/","name":"Stolik kawowy z konglomeratu Calacatta Ajaccio","isPartOf":{"@id":"https:\/\/kamienneblaty.pl\/sklep\/#website"},"primaryImageOfPage":{"@id":"https:\/\/kamienneblaty.pl\/sklep\/produkt\/stolik-kawowy-z-konglomeratu-calacatta-ajaccio-luksusowy-design-i-trwalosc\/#primaryimage"},"image":{"@id":"https:\/\/kamienneblaty.pl\/sklep\/produkt\/stolik-kawowy-z-konglomeratu-calacatta-ajaccio-luksusowy-design-i-trwalosc\/#primaryimage"},"thumbnailUrl":"https:\/\/kamienneblaty.pl\/sklep\/wp-content\/uploads\/2025\/05\/stolik-kawowy-z-konglomeratu-calacatta-ajaccio-3-scaled.jpg","datePublished":"2025-05-31T07:19:56+00:00","dateModified":"2025-05-31T10:25:30+00:00","description":"Nowoczesny stolik kawowy z konglomeratu Calacatta Ajaccio. Efekt monolitu, kontynuacja wzoru \u017cy\u0142, eleganckie wyko\u0144czenie 45\u00b0. Idealny do stylowych wn\u0119trz.","breadcrumb":{"@id":"https:\/\/kamienneblaty.pl\/sklep\/produkt\/stolik-kawowy-z-konglomeratu-calacatta-ajaccio-luksusowy-design-i-trwalosc\/#breadcrumb"},"inLanguage":"pl-PL","potentialAction":[{"@type":"ReadAction","target":["https:\/\/kamienneblaty.pl\/sklep\/produkt\/stolik-kawowy-z-konglomeratu-calacatta-ajaccio-luksusowy-design-i-trwalosc\/"]}]},{"@type":"ImageObject","inLanguage":"pl-PL","@id":"https:\/\/kamienneblaty.pl\/sklep\/produkt\/stolik-kawowy-z-konglomeratu-calacatta-ajaccio-luksusowy-design-i-trwalosc\/#primaryimage","url":"https:\/\/kamienneblaty.pl\/sklep\/wp-content\/uploads\/2025\/05\/stolik-kawowy-z-konglomeratu-calacatta-ajaccio-3-scaled.jpg","contentUrl":"https:\/\/kamienneblaty.pl\/sklep\/wp-content\/uploads\/2025\/05\/stolik-kawowy-z-konglomeratu-calacatta-ajaccio-3-scaled.jpg","width":2560,"height":1920,"caption":"Stolik kawowy z konglomeratu kwarcowego Calacatta Ajaccio"},{"@type":"BreadcrumbList","@id":"https:\/\/kamienneblaty.pl\/sklep\/produkt\/stolik-kawowy-z-konglomeratu-calacatta-ajaccio-luksusowy-design-i-trwalosc\/#breadcrumb","itemListElement":[{"@type":"ListItem","position":1,"name":"Strona g\u0142\u00f3wna","item":"https:\/\/kamienneblaty.pl\/sklep\/"},{"@type":"ListItem","position":2,"name":"Kamieniarstwo ABC Sklep","item":"https:\/\/kamienneblaty.pl\/sklep\/"},{"@type":"ListItem","position":3,"name":"Stolik kawowy z konglomeratu Calacatta Ajaccio \u2013 luksusowy design i trwa\u0142o\u015b\u0107"}]},{"@type":"WebSite","@id":"https:\/\/kamienneblaty.pl\/sklep\/#website","url":"https:\/\/kamienneblaty.pl\/sklep\/","name":"Kamieniarstwo ABC Sklep","description":"R\u0119cznie tworzone produkty z kamienia, lastryko i konglomeratu","publisher":{"@id":"https:\/\/kamienneblaty.pl\/sklep\/#organization"},"potentialAction":[{"@type":"SearchAction","target":{"@type":"EntryPoint","urlTemplate":"https:\/\/kamienneblaty.pl\/sklep\/?s={search_term_string}"},"query-input":{"@type":"PropertyValueSpecification","valueRequired":true,"valueName":"search_term_string"}}],"inLanguage":"pl-PL"},{"@type":"Organization","@id":"https:\/\/kamienneblaty.pl\/sklep\/#organization","name":"Kamieniarstwo ABC","url":"https:\/\/kamienneblaty.pl\/sklep\/","logo":{"@type":"ImageObject","inLanguage":"pl-PL","@id":"https:\/\/kamienneblaty.pl\/sklep\/#\/schema\/logo\/image\/","url":"https:\/\/kamienneblaty.pl\/sklep\/wp-content\/uploads\/2021\/01\/Kamieniarstwo-ABC-1.png","contentUrl":"https:\/\/kamienneblaty.pl\/sklep\/wp-content\/uploads\/2021\/01\/Kamieniarstwo-ABC-1.png","width":481,"height":500,"caption":"Kamieniarstwo ABC"},"image":{"@id":"https:\/\/kamienneblaty.pl\/sklep\/#\/schema\/logo\/image\/"}}]}},"_links":{"self":[{"href":"https:\/\/kamienneblaty.pl\/sklep\/wp-json\/wp\/v2\/product\/3441","targetHints":{"allow":["GET"]}}],"collection":[{"href":"https:\/\/kamienneblaty.pl\/sklep\/wp-json\/wp\/v2\/product"}],"about":[{"href":"https:\/\/kamienneblaty.pl\/sklep\/wp-json\/wp\/v2\/types\/product"}],"wp:featuredmedia":[{"embeddable":true,"href":"https:\/\/kamienneblaty.pl\/sklep\/wp-json\/wp\/v2\/media\/3444"}],"wp:attachment":[{"href":"https:\/\/kamienneblaty.pl\/sklep\/wp-json\/wp\/v2\/media?parent=3441"}],"wp:term":[{"taxonomy":"product_brand","embeddable":true,"href":"https:\/\/kamienneblaty.pl\/sklep\/wp-json\/wp\/v2\/product_brand?post=3441"},{"taxonomy":"product_cat","embeddable":true,"href":"https:\/\/kamienneblaty.pl\/sklep\/wp-json\/wp\/v2\/product_cat?post=3441"},{"taxonomy":"product_tag","embeddable":true,"href":"https:\/\/kamienneblaty.pl\/sklep\/wp-json\/wp\/v2\/product_tag?post=3441"}],"curies":[{"name":"wp","href":"https:\/\/api.w.org\/{rel}","templated":true}]}}